{"id":10637,"date":"2023-04-27T12:06:05","date_gmt":"2023-04-27T10:06:05","guid":{"rendered":"https:\/\/brandskyddslaget.se\/?page_id=10637"},"modified":"2025-05-06T15:44:17","modified_gmt":"2025-05-06T13:44:17","slug":"papers-and-conference-abstracts","status":"publish","type":"page","link":"https:\/\/brandskyddslaget.se\/en\/papers-and-conference-abstracts\/","title":{"rendered":"Papers and conference abstracts"},"content":{"rendered":"<p>[et_pb_section fb_built=&#8221;1&#8243; admin_label=&#8221;section&#8221; _builder_version=&#8221;4.16&#8243; locked=&#8221;off&#8221; global_colors_info=&#8221;{}&#8221;][et_pb_row admin_label=&#8221;row&#8221; _builder_version=&#8221;4.16&#8243; background_size=&#8221;initial&#8221; background_position=&#8221;top_left&#8221; background_repeat=&#8221;repeat&#8221; global_colors_info=&#8221;{}&#8221;][et_pb_column type=&#8221;4_4&#8243; _builder_version=&#8221;4.16&#8243; custom_padding=&#8221;|||&#8221; global_colors_info=&#8221;{}&#8221; custom_padding__hover=&#8221;|||&#8221;][et_pb_text admin_label=&#8221;Text&#8221; _builder_version=&#8221;4.19.4&#8243; background_size=&#8221;initial&#8221; background_position=&#8221;top_left&#8221; background_repeat=&#8221;repeat&#8221; global_colors_info=&#8221;{}&#8221;]<\/p>\n<h1 class=\"entry-title main_title\">Articles and Conference abstracts<\/h1>\n<p>&nbsp;<\/p>\n<p><strong>The list of publications with articles and conference abstracts that we are authors and\/or co-writers of. Bolded names works at Brandskyddslaget.<\/strong><\/p>\n<p>&nbsp;<\/p>\n<p>[\/et_pb_text][\/et_pb_column][\/et_pb_row][et_pb_row column_structure=&#8221;1_2,1_2&#8243; _builder_version=&#8221;4.18.0&#8243; _module_preset=&#8221;default&#8221; global_colors_info=&#8221;{}&#8221;][et_pb_column type=&#8221;1_2&#8243; _builder_version=&#8221;4.18.0&#8243; _module_preset=&#8221;default&#8221; global_colors_info=&#8221;{}&#8221;][et_pb_text admin_label=&#8221;Artiklar&#8221; _builder_version=&#8221;4.27.0&#8243; _module_preset=&#8221;default&#8221; hover_enabled=&#8221;0&#8243; global_colors_info=&#8221;{}&#8221; sticky_enabled=&#8221;0&#8243;]<\/p>\n<h3 class=\"entry-title main_title\">Articles<\/h3>\n<div class=\"entry-content\">\n<p>&nbsp;<\/p>\n<p><strong>2024<\/strong><\/p>\n<p><strong>Andr\u00e9e K.<\/strong><em> \u201dUtv\u00e4rdering av befintliga utrymningsplatser\u201d<\/em>. Husbyggaren, bilaga om brand, 2024. <a href=\"https:\/\/brandskyddslaget.se\/utvardering-utrymningsplatser-for-personer-med-rorelsenedsattning-hb-brandbilagan-2024\/\" target=\"_blank\" rel=\"noopener\">L\u00e4nk till artikel<\/a>.<\/p>\n<p><strong>Andr\u00e9e K.<\/strong>, <strong>Bengtson S.<\/strong>,<strong> Egeltoft E.<\/strong>,<strong> H\u00e5kansson D.<\/strong>,<strong> Johansson H.<\/strong>,<strong> S\u00e4vmark Sanna.<\/strong> <em>\u201dBrandskydd av Feskek\u00f6rka G\u00f6teborg\u201d<\/em>. Bygg &amp; Teknik, nr 5, 7 oktober 2024. <a href=\"https:\/\/byggteknikforlaget.se\/brandskydd-av-feskekorka-goteborg\/\" target=\"_blank\" rel=\"noopener\">L\u00e4nk till artikel<\/a>.<\/p>\n<p><strong>Wahlqvist P<\/strong>.<em> \u201dK\u00f6ldb\u00e4rare med Etanol klassas som Brandfarlig vara\u201d.<\/em> Svensk Geoenergi, nr 1 2024. <a href=\"http:\/\/media.geoenergicentrum.se\/2024\/05\/svgeo_2024_01.pdf\" target=\"_blank\" rel=\"noopener\">L\u00e4nk till artikel<\/a>.<\/p>\n<p><strong>Fagergren T.<\/strong><em>\u201dMaterial, ytskikt och bekl\u00e4dnader avg\u00f6r brandskyddet\u201d<\/em><strong>. <\/strong>AMA-nytt EL och VVS, nr 1 2024. <a href=\"https:\/\/content.bhybrid.com\/publication\/9d4ffebe\/mobile\/?utm_source=hs_email&amp;utm_medium=email&amp;utm_content=88878715&amp;_hsenc=p2ANqtz-_Wti3XfLd33jL9NTjhMeQZVCOv6PyooA48BSjsRnQR9qVgruCTGBI9_eGOiod_K4In74j92He9MqYLbXrx1JxhYvNRtg\">L\u00e4nk till artikel.<\/a><br \/><strong><br \/>Johansson H<\/strong>. <em>\u201dBrandskydd under byggtiden\u201d<\/em>. Husbyggaren, nr. 2. April 2024. <a href=\"https:\/\/www.husbyggaren.se\/annons-admin\/cms\/api.php?table=ads&amp;action=generate-pdf&amp;art_id=2868&amp;s=e5c22cc0a66d8498c62f11fb5e34b7ab\" target=\"_blank\" rel=\"noopener\">L\u00e4nk till artikel<\/a>.<\/p>\n<p>&nbsp;<\/p>\n<p><strong>2023 <\/strong><\/p>\n<p><strong>Persson E. <\/strong><em>\u201d\u00c4r en eldriven kollektivtrafik en brandrisk?\u201d<\/em>. Husbyggaren, nr. 5. November 2023. <a href=\"https:\/\/www.husbyggaren.se\/annons-admin\/cms\/api.php?table=ads&amp;action=generate-pdf&amp;art_id=2847&amp;s=570233ef7e1ade6e05812221e42e1398\" target=\"_blank\" rel=\"noopener\">L\u00e4nk till artikel<\/a><\/p>\n<p><strong>Forssberg M., Elias A., Lundin J.<\/strong>, Frantzich H.<em> \u201dIn\u00e5tg\u00e5ende d\u00f6rrar vid utrymning av antikvariskt v\u00e4rdefulla byggnader\u201d. <\/em>Husbyggaren, oktober 2023.\u00a0 <a href=\"https:\/\/www.husbyggaren.se\/inatgaende-dorrar-vid-utrymning-av-antikvariskt-vardefulla-byggnader\/\" target=\"_blank\" rel=\"noopener\">https:\/\/www.husbyggaren.se\/inatgaende-dorrar-vid-utrymning-av-antikvariskt-vardefulla-byggnader\/<\/a><\/p>\n<p><strong>Lundin J.<\/strong>, Tehler H. <em>\u201d\u00d6verd\u00e4ckning av transportleder f\u00f6r farligt gods\u201d.<\/em> Samh\u00e4llsbyggaren, oktober 2023. <a href=\"https:\/\/samhallsbyggaren.online\/wp\/experterna\/overdackning-av-transportleder-for-farligt-gods\/\" target=\"_blank\" rel=\"noopener\">https:\/\/samhallsbyggaren.online\/wp\/experterna\/overdackning-av-transportleder-for-farligt-gods\/<\/a><\/p>\n<p><strong>Fagergren T.<\/strong>, Jensen L.<em> \u201dBrandisolering av ventilationskanaler \u2013 p\u00e5 r\u00e4tt, s\u00e4krare och anpassat till vald skyddsmetod\u201d. <\/em>Bygg &amp; Teknik, nr. 5, oktober 2023. <a href=\"https:\/\/byggteknikforlaget.se\/brandisolering-av-ventilationskanaler-pa-ratt-sakrare-och-anpassat-till-vald-skyddsmetod\/\" target=\"_blank\" rel=\"noopener\">https:\/\/byggteknikforlaget.se\/brandisolering-av-ventilationskanaler-pa-ratt-sakrare-och-anpassat-till-vald-skyddsmetod\/<\/a><\/p>\n<p><strong>Nyman, H.<\/strong> Mossberg, A. &amp; R\u00f6nnb\u00e4ck, J. <em>&#8220;Brandgasspridning med<\/em><br \/><em>l\u00e5gt placerade tilluftsdon&#8221;.\u00a0<\/em>Energi &amp; Milj\u00f6 202, nr. 3, 2023.<\/p>\n<p><strong>H\u00e4llstr\u00f6m, S. Utter, E.<\/strong> &amp; Sandstr\u00f6m, J. <em>&#8220;Brandskydd av l\u00e4tta tr\u00e4takstolar i flerbostadshus&#8221; <\/em>Bygg &amp; teknik 2023. <a href=\"https:\/\/byggteknikforlaget.se\/brandskydd-av-latta-tratakstolar-i-flerbostadshus\/\">https:\/\/byggteknikforlaget.se\/brandskydd-av-latta-tratakstolar-i-flerbostadshus<\/a><\/p>\n<p><strong><br \/>2022 <\/strong><\/p>\n<p><strong>Hedskog B. <\/strong><em>&#8220;En m\u00f6jlig bed\u00f6mningsmodell f\u00f6r \u00e5terbruk av brandskydd&#8221;<\/em> Bygg &amp; teknik 2022. <a href=\"https:\/\/brandskyddslaget.se\/en-mojlig-bedomningsmodell-for-aterbruk-av-brandskydd\/\">https:\/\/brandskyddslaget.se\/en-mojlig-bedomningsmodell-for-aterbruk-av-brandskydd\/<\/a><\/p>\n<p><strong>Klint F.<\/strong>, Eriksson N., <strong>Hedskog B<\/strong>., <strong>Bengtson S<\/strong>. &#8220;\u00c5terbruk<em> av brandskyddskomponenter&#8221; <\/em>Husbyggaren, 2022, 18 Maj. <a href=\"https:\/\/www.husbyggaren.se\/aterbruk-av-brandskyddskomponenter\">https:\/\/www.husbyggaren.se\/aterbruk-av-brandskyddskomponenter<\/a>\/<\/p>\n<p><strong>Sandstr\u00f6m J<\/strong>., &#8220;<em>Byggnadsklassificering av st\u00e5lhallar&#8221; <\/em>St\u00e5lbyggnad, nr. 2. 2022. <a href=\"https:\/\/www.stalbyggnad.se\/brand\/byggnadsklassificering-av-stalhallar\/\">https:\/\/www.stalbyggnad.se\/brand\/byggnadsklassificering-av-stalhallar\/<\/a><\/p>\n<p><strong>Fagergren T.<\/strong>, Jensen L. <em>&#8220;Ny Europastandard, Isolera kanaler r\u00e4tt och s\u00e4kert&#8221; <\/em>Energi &amp; Milj\u00f6, nr. 3. 2022, 4 april.<\/p>\n<p>Mossberg A., <strong>Nyman H<\/strong> &amp; R\u00f6nnb\u00e4ck J.<em> \u201dL\u00e5gt placerade tilluftsdon &#8211; L\u00e4rdomar fr\u00e5n ett fullskalef\u00f6rs\u00f6k&#8221;<\/em> Husbyggaren, nr.2. 2022, 11 april. <a href=\"http:\/\/www.husbyggaren.se\/lagt-placerade-tilluftsdon-lardomar-fran-fullskaleforsok\" target=\"_blank\" rel=\"noopener\">www.husbyggaren.se\/lagt-placerade-tilluftsdon-lardomar-fran-fullskaleforsok<\/a><\/p>\n<p><strong>Elias A<\/strong>., Emilsson T., M\u00e5rs\u00e9n A., Good J., Johansson H. &amp; Hasselmark Mason T. <em>&#8220;Solpaneler och gr\u00f6na tak&#8221;. <\/em>Bygg och Teknik, 2022, 29 Mars.<a href=\"https:\/\/byggteknikforlaget.se\/solpaneler-och-grona-tak\/\">https:\/\/byggteknikforlaget.se\/solpaneler-och-grona-tak\/<\/a><\/p>\n<p>&nbsp;<\/p>\n<p><strong>2021<\/strong><\/p>\n<p><strong>Elias A., <\/strong>Pettersson S A., V\u00e4sterdal M., Hasselmark M T., <em>&#8220;Gr\u00f6na t\u00e4ta tak &#8211; Ett helhetsperspektiv f\u00f6r \u00f6kad samh\u00e4llsnytta&#8221; <\/em>Bygg &amp; Teknik, 2021, 21 maj.<a href=\"https:\/\/byggteknikforlaget.se\/grona-tata-tak\/\"> https:\/\/byggteknikforlaget.se\/grona-tata-tak\/<\/a><\/p>\n<p><strong>Andr\u00e9e K., Nilsen J.<\/strong>&#8220;Nya<em> AFS 2020:1 skapar f\u00f6rvirring i byggbranschen&#8221; <\/em>Husbyggaren, nr.2. 2021.<\/p>\n<p>&nbsp;<\/p>\n<p><strong>2020<\/strong><\/p>\n<p><strong>Fagergren T.<\/strong>, A Dolfsson P. <em>&#8220;Ny Europastandard, Brandisolering av ventilationskanaler&#8221;<\/em> Energi &amp; Milj\u00f6, nr 10. 2020, oktober.<\/p>\n<p><strong>Fagergren T. <\/strong><em>&#8220;Ventilationsbrandskydd &#8211; En tidsresa&#8221; <\/em>Energi &amp; Milj\u00f6, nr 2. 2020, februari.<\/p>\n<p>&nbsp;<\/p>\n<p><strong>2019<\/strong><\/p>\n<p><strong>Andersson B., Dittmer T. <\/strong><em>&#8220;Brandskydd under byggtiden. Utmaningar n\u00e4r man bygger tr\u00e4hus i flera v\u00e5ningar.&#8221; <\/em>Husbyggaren, nr 2. 2019.<\/p>\n<p><strong>Forssberg M., <\/strong>K\u00e4llstr\u00f6m J, Frantzich H., Mossberg A., Nilsson D.<em> &#8220;The Variation of Pre-movement Time in Building Evacuation&#8221;. <\/em>Fire Technology 55. 2491\u20132513 (2019). <a href=\"https:\/\/link.springer.com\/article\/10.1007\/s10694-019-00881-1\" target=\"_blank\" rel=\"noopener\">https:\/\/doi.org\/10.1007\/s10694-019-00881-1<\/a><\/p>\n<\/div>\n<p>[\/et_pb_text][\/et_pb_column][et_pb_column type=&#8221;1_2&#8243; _builder_version=&#8221;4.18.0&#8243; _module_preset=&#8221;default&#8221; global_colors_info=&#8221;{}&#8221;][et_pb_text admin_label=&#8221;Konferensbidrag&#8221; _builder_version=&#8221;4.27.0&#8243; _module_preset=&#8221;default&#8221; global_colors_info=&#8221;{}&#8221;]<\/p>\n<div class=\"entry-content\">\n<h3 class=\"entry-title main_title\">Conference Abstracts<\/h3>\n<\/div>\n<p>&nbsp;<\/p>\n<p><strong>2025<\/strong><\/p>\n<p><strong>Persson E., \u00c5hnberg N. &amp; Nordlund Gendra S. <\/strong><em>\u201dA modified approach to walking speed within smoke-filled rail tunnels\u201d<\/em>. International symposium on tunnel safety and security, april 9-11 2025. <a href=\"https:\/\/brandskyddslaget.se\/wp-content\/uploads\/2025\/04\/A-modified-approach-to-walking-speed-within-smoke-filled-rail-tunnels.pdf\" target=\"_blank\" rel=\"noopener\">L\u00e4nk till abstract<\/a>.<\/p>\n<p><strong>Lundin J., Hall Midholm E., <\/strong>T\u00f3masson B. &amp; Gu\u00f0brandsson B \u00de. <em>\u201dReykjavik\u2019s S\u00e6braut Road Tunnel: Balancing Development and Safety\u201d. <\/em>International symposium on tunnel safety and security, april 9-11 2025. <a href=\"https:\/\/brandskyddslaget.se\/wp-content\/uploads\/2025\/04\/Reykjaviks-Sabraut-Road-Tunnel-Balancing-Developement-and-Safety.pdf\" target=\"_blank\" rel=\"noopener\">L\u00e4nk till abstract<\/a>.<\/p>\n<p><strong>Lundin J. <\/strong>&amp; Fridolf K<strong>.<\/strong><em> \u201dDisposal of Emergency Telephones in Swedish Railway Tunnels: Practical application of the CSM RA-regulation\u201d. <\/em>International symposium on tunnel safety and security, april 9-11 2025. <a href=\"https:\/\/brandskyddslaget.se\/wp-content\/uploads\/2025\/04\/Disposal-of-Emergency-Telephones-in-Swedish-Railway-Tunnels-Practical-application-of-the-CSM-RA-regulation.pdf\" target=\"_blank\" rel=\"noopener\">L\u00e4nk till abstract<\/a>.<\/p>\n<p><strong>Lundin J. <\/strong><em>\u201dManaging Disaster Risks in Underground Transportation Infrastructure \u2013 A Comprehensive Analysis of Safety Targets and Practices\u201d. <\/em>Sweden International symposium on tunnel safety and security, april 9-11 2025. <a href=\"https:\/\/brandskyddslaget.se\/wp-content\/uploads\/2025\/04\/Managing-Disaster-Risks-in-Underground-Transportation-Infastructure-A-Comprehensive-Analysis-of-Safety-Targets-and-Practices-Johan-Lundin.pdf\" target=\"_blank\" rel=\"noopener\">L\u00e4nk till abstract<\/a><\/p>\n<p><strong>Hall Midholm E., Lundin J., Wahlstr\u00f6m B.<\/strong> &amp; Jansson O<em>. \u201dLife-safety targets in underground stations, continued\u201d.<\/em> Sweden International symposium on tunnel safety and security, april 9-11 2025. <a href=\"https:\/\/brandskyddslaget.se\/wp-content\/uploads\/2025\/04\/Life-safety-targets-in-underground-stations-continued-Erik-Hall-Midholm-Johan-Lundin-Bo-Wahlstrom-Oskar-Jansson.pdf\" target=\"_blank\" rel=\"noopener\">L\u00e4nk till abstract.<\/a><\/p>\n<p><strong>Forssberg M. &amp; M Elias A.<\/strong><em> \u201dThe Impact of Inward Opening Doors on Evacuation Dynamics in Heritage Buildings\u201d. <\/em>The SFPE European Conference &amp; Expo on fire safety Engineering, april 9-10. <a href=\"https:\/\/www.sfpe.org\/events-education\/conferencessymposia\/conferences\/euroconf\">https:\/\/www.sfpe.org\/events-education\/conferencessymposia\/conferences\/euroconf<\/a>.<\/p>\n<p><strong>Nyman H.<\/strong>, Mossberg A. &amp; R\u00f6nnb\u00e4ck J.<em> \u201dRoom fire experiments and technical solutions in a prison environment with active ventilation- Smoke spread in a ventilation system\u201d. <\/em>The SFPE European Conference &amp; Expo on fire safety Engineering, april 9-10. <a href=\"https:\/\/www.sfpe.org\/events-education\/conferencessymposia\/conferences\/euroconf\">https:\/\/www.sfpe.org\/events-education\/conferencessymposia\/conferences\/euroconf<\/a>.<\/p>\n<p><strong>Nyman H<\/strong>. &amp; Mossberg A. <em>\u201dThe effects of cold temperatures when pressurizing fire fighter elevators \u2013 Problem identification and possible solutions\u201d. <\/em>The SFPE European Conference &amp; Expo on fire safety Engineering, april 9-10. <a href=\"https:\/\/www.sfpe.org\/events-education\/conferencessymposia\/conferences\/euroconf\">https:\/\/www.sfpe.org\/events-education\/conferencessymposia\/conferences\/euroconf<\/a>.<\/p>\n<p><strong>Olander M. <\/strong><em>\u201dBr\u00e4nderna i Los Angeles\u201d.\u00a0<\/em>Skogsbrand 2025. Fr\u00f6s\u00f6n, Sverige, Mars 12-13 2025. <a href=\"https:\/\/skogsbrand2025.se\/\" target=\"_blank\" rel=\"noopener\">https:\/\/skogsbrand2025.se\/<\/a>.<\/p>\n<p>&nbsp;<\/p>\n<p><strong>2024<\/strong><\/p>\n<p><strong>Ilijasevic A.<\/strong><em> \u201dTrycksatta stigarledningar f\u00f6r r\u00e4ddningstj\u00e4nsten\u201d<\/em>. Brandskyddsdagen \u2013 Framtiden byggregler. Stockholm, Sverige, November 21 2024. <a href=\"https:\/\/www.emtf.se\/aktiviteter\/konferens-brandskyddsdagen-framtiden-byggregler\/\">https:\/\/www.emtf.se\/aktiviteter\/konferens-brandskyddsdagen-framtiden-byggregler\/<\/a>.<\/p>\n<p><strong>Fagergren T.<\/strong> <em>\u201dDe nya byggreglerna och installationsbrandskydd i tr\u00e4hus\u201d<\/em>. Brandskyddsdagen \u2013 Framtiden byggregler. Stockholm, Sverige, November 21 2024. <a href=\"https:\/\/www.emtf.se\/aktiviteter\/konferens-brandskyddsdagen-framtiden-byggregler\/\">https:\/\/www.emtf.se\/aktiviteter\/konferens-brandskyddsdagen-framtiden-byggregler\/<\/a>.<\/p>\n<p><strong>Rindhoff K. <\/strong>&amp; Sander T. <em>\u201dF\u00f6rebygga skolattacker med tekniska och organisatoriska l\u00f6sningar\u201d. <\/em>Brandskydd 2024. Stockholm, Sverige Oktober 16-17, 2024. <a href=\"https:\/\/brandskydd2024.se\/presentationer\/\">https:\/\/brandskydd2024.se\/presentationer\/<\/a><\/p>\n<p><strong>Nilsen J. \u201d<\/strong><em>Comparison of numerical simulations and compartment fire experiments with the ventilation supply positioned adjacent to the floor\u201d <\/em>FEMTC 2024, Kansas City, USA, september 18-20, 2024. <a href=\"https:\/\/www.femtc.com\/events\/2024\/d1-05-nilsen\/\" target=\"_blank\" rel=\"noopener\">www.femtc.com\/events\/2024\/d1-05-nilsen\/<\/a><\/p>\n<p><strong>Klint F.<\/strong> &amp; <strong>Hedskog B<\/strong>.<em> \u201dReuse of fire safety components\u201d. <\/em>Nordic Fire &amp; Safety Days, Lund, Sverige, juni 18-19, 2024. <a href=\"https:\/\/www.ri.se\/en\/nfsd\" target=\"_blank\" rel=\"noopener\">www.ri.se\/en\/nfsd<\/a>.<\/p>\n<p><strong>Gard E. <\/strong>&amp; <strong>De Korostenski T.<\/strong> <em>\u201dMinimizing contaminated extinguising water through performance-based design\u201d. <\/em>Nordic Fire &amp; Safety Days, Lund, Sverige, juni 18-19, 2024. <a href=\"https:\/\/www.ri.se\/en\/nfsd\" target=\"_blank\" rel=\"noopener\">www.ri.se\/en\/nfsd<\/a>.<\/p>\n<p><strong>Hedskog B.<\/strong>, <strong>Persson E.<\/strong> &amp;<strong> Wahlstr\u00f6m B.<\/strong> <em>\u201dTunnel fire exercise in the Northern Link\u201d. <\/em>Nordic Fire &amp; Safety Days, Lund, Sverige, juni 18-19, 2024. <a href=\"https:\/\/www.ri.se\/en\/nfsd\" target=\"_blank\" rel=\"noopener\">www.ri.se\/en\/nfsd<\/a>.<\/p>\n<p>Arvidson M.,<strong> Egeltoft E.<\/strong>, Godby T. <em>\u201dOperating experiences from sprinkler system installations in Swedish churches and other heritage buildings\u201d. <\/em>Fire Sprinkler International 2024, April 24-25, 2024.<\/p>\n<p><strong>Nyman H.<\/strong> <em>\u201dSmoke spread in a ventilation system\u201d. <\/em>Roomvent 2024, Stockholm, Sverige, april 22-25, 2024. <a href=\"https:\/\/invitepeople.com\/public\/events\/fe41371a0b\/pages\/ed19d3ae89\" target=\"_blank\" rel=\"noopener\">https:\/\/invitepeople.com\/public\/events\/fe41371a0b\/pages\/ed19d3ae89<\/a><\/p>\n<p><strong>Elias A., Forssberg M. Lundin\u00a0 J., <\/strong>Frantzich H<strong>.<\/strong> <em>\u201dThe impact of inward opening doors of evacuation dynamics\u201d<\/em>. SFPE Fire Safety Conference &amp; Expo on Performance-Based Design. K\u00f6penhamn, Danmark, april 17-19, 2024.<\/p>\n<p><strong>Weyler M<\/strong>. <em>\u201d Levande digital dokumentation\u201d. <\/em>BIV-dagarna, Bor\u00e5s, Sverige, mars 13-14, 2024.<a href=\"https:\/\/sfpe-biv.se\/biv-dagarna-2024\/\">https:\/\/sfpe-biv.se\/biv-dagarna-2024\/<\/a><\/p>\n<p><strong>Elias A, Forssberg M<\/strong>. <em>\u201dNya forskningsresultat om utrymning genom in\u00e5tg\u00e5ende d\u00f6rrar\u201d. <\/em>BIV-dagarna, Bor\u00e5s, Sverige, mars 13-14, 2024. <a href=\"https:\/\/sfpe-biv.se\/biv-dagarna-2024\/\" target=\"_blank\" rel=\"noopener\">https:\/\/sfpe-biv.se\/biv-dagarna-2024\/<\/a><\/p>\n<p><strong>Nils<\/strong><strong>en J.<\/strong> <em>\u201dCFD L\u00e5ga don\u201d.<\/em> Nordic FDS User Group Meeting, K\u00f6penhamn, Danmark, mars 6, 2024. <a href=\"https:\/\/brandogsikring.dk\/en\/events\/the-sixth-nordic-fds-workshop\/\" target=\"_blank\" rel=\"noopener\">https:\/\/brandogsikring.dk\/en\/events\/the-sixth-nordic-fds-workshop\/<\/a><\/p>\n<p>&nbsp;<\/p>\n<p><strong><br \/>2023<\/strong><\/p>\n<p><strong>Nyman H. <\/strong>Mossberg A. R\u00f6nnbeck J. <em>\u201dL\u00e5gt placerade don i rumsbr\u00e4nder\u201d. <\/em>The International Association for Fire Safety Science, Tsukuba, Japan, oktober 22-27, 2023. https:\/\/iafss2023.com<\/p>\n<p><strong>Kv\u00e5l R. Hall Midholm E. &amp; Lundin J.<\/strong>\u00a0 <em>\u201dRisk and Assessment in a Changing World\u201d. <\/em>Society for Risk Analysis Europe 2023, Lund Sweden. June 18-21, 2023. <a href=\"https:\/\/brandskyddslaget.se\/wp-content\/uploads\/2024\/01\/Society-of-Risk-Analysis-Europe-Lund-2023-Book-of-Abstracts.pdf\" target=\"_blank\" rel=\"noopener\">Society of Risk Analysis Europe Lund 2023 Book of Abstracts<\/a><\/p>\n<div class=\"entry-content\">\n<p><strong>Persson, E. Hedskog, B. &amp; Wahlstr\u00f6m, B.<\/strong> <em>&#8220;Tunnel fire exercise in the Northern Link.&#8221;,<\/em> International Symposium on Tunnel Safety and Security, Stavanger, Norway, April 26-28, 2023.<\/p>\n<p><strong>Lundin, J. Wahlstr\u00f6m, B. Hall Midholm E. &amp; Jansson, O.<\/strong><em> &#8220;Life-safety targets in underground stations.&#8221;,<\/em> International Symposium on Tunnel Safety and Security, Stavanger, Norway, April 26-28, 2023.<\/p>\n<p>Frantzich, H. Fridolf, K. Liljestrand, S, Henningsson, A. &amp; <strong>Lundin, J<\/strong>. <em>&#8220;Locating people in tunnels using Wi-Fi technology&#8221;.<\/em> International Symposium on Tunnel Safety and Security, Stavanger, Norway, April 26-28, 2023.<\/p>\n<p><strong>Hall Midholm, E. Kv\u00e5l, R. &amp; Lundin, J<\/strong>. <em>&#8220;Risk evaluation of road and railroad overbuilds.&#8221;<\/em> International Symposium on Tunnel Safety and Security, Stavanger, Norway, April 26-28, 2023.<\/p>\n<p>Tehler, H. <strong>Lundin, J<\/strong>.\u00a0<em>&#8220;<\/em><em>Risk Assessment of Deckings of Dangerous Goods Routes<\/em><br \/><em>\u2013 A knowledge inventory&#8221;<\/em>. International Symposium on Tunnel Safety and Security, Stavanger, Norway, April 26-28, 2023.<\/p>\n<p>&nbsp;<\/p>\n<p><strong>2022<\/strong><\/p>\n<p>Persson, E., Kumar, P., Bilson, M. &amp; Del Solar, J. (2021, 27-29 september).\u00a0<em>\u00a0\u201cFixed Fire Fighting Systems impact on fire propagation in enclosed rail environments\u201d<\/em>. ISAVFT Conferens 2022, Brighton, England. <a href=\"https:\/\/brandskyddslaget.se\/fixed-fire-fighting-systems-impact-on-fire-propagation-in-rail-environments\/\" target=\"_blank\" rel=\"noopener\"><em> https:\/\/brandskyddslaget.se\/fixed-fire-fighting-systems-impact-on-fire-propagation-in-rail-environments\/<\/em><\/a><strong><br \/><\/strong><\/p>\n<\/div>\n<p>&nbsp;<\/p>\n<p>[\/et_pb_text][\/et_pb_column][\/et_pb_row][\/et_pb_section]<\/p>\n","protected":false},"excerpt":{"rendered":"<p>Articles and Conference abstracts &nbsp; The list of publications with articles and conference abstracts that we are authors and\/or co-writers of. Bolded names works at Brandskyddslaget. &nbsp;Articles &nbsp; 2024 Andr\u00e9e K. \u201dUtv\u00e4rdering av befintliga utrymningsplatser\u201d. Husbyggaren, bilaga om brand, 2024. L\u00e4nk till artikel. Andr\u00e9e K., Bengtson S., Egeltoft E., H\u00e5kansson D., Johansson H., S\u00e4vmark Sanna. [&hellip;]<\/p>\n","protected":false},"author":43,"featured_media":0,"parent":0,"menu_order":0,"comment_status":"closed","ping_status":"closed","template":"","meta":{"_et_pb_use_builder":"on","_et_pb_old_content":"","_et_gb_content_width":"","footnotes":""},"class_list":["post-10637","page","type-page","status-publish","hentry"],"aioseo_notices":[],"_links":{"self":[{"href":"https:\/\/brandskyddslaget.se\/en\/wp-json\/wp\/v2\/pages\/10637","targetHints":{"allow":["GET"]}}],"collection":[{"href":"https:\/\/brandskyddslaget.se\/en\/wp-json\/wp\/v2\/pages"}],"about":[{"href":"https:\/\/brandskyddslaget.se\/en\/wp-json\/wp\/v2\/types\/page"}],"author":[{"embeddable":true,"href":"https:\/\/brandskyddslaget.se\/en\/wp-json\/wp\/v2\/users\/43"}],"replies":[{"embeddable":true,"href":"https:\/\/brandskyddslaget.se\/en\/wp-json\/wp\/v2\/comments?post=10637"}],"version-history":[{"count":9,"href":"https:\/\/brandskyddslaget.se\/en\/wp-json\/wp\/v2\/pages\/10637\/revisions"}],"predecessor-version":[{"id":13924,"href":"https:\/\/brandskyddslaget.se\/en\/wp-json\/wp\/v2\/pages\/10637\/revisions\/13924"}],"wp:attachment":[{"href":"https:\/\/brandskyddslaget.se\/en\/wp-json\/wp\/v2\/media?parent=10637"}],"curies":[{"name":"wp","href":"https:\/\/api.w.org\/{rel}","templated":true}]}}