{"id":13106,"date":"2021-02-26T13:58:54","date_gmt":"2021-02-26T12:58:54","guid":{"rendered":"https:\/\/brandskyddslaget.se\/anlaggningsskotare-brandlarm-och-sprinkler\/"},"modified":"2021-02-26T13:58:54","modified_gmt":"2021-02-26T12:58:54","slug":"anlaggningsskotare-brandlarm-och-sprinkler","status":"publish","type":"page","link":"https:\/\/brandskyddslaget.se\/en\/anlaggningsskotare-brandlarm-och-sprinkler\/","title":{"rendered":"Anl\u00e4ggningssk\u00f6tare, brandlarm och sprinkler"},"content":{"rendered":"<p>[et_pb_section fb_built=&#8221;1&#8243; _builder_version=&#8221;3.22&#8243;][et_pb_row custom_padding_last_edited=&#8221;on|desktop&#8221; _builder_version=&#8221;3.25&#8243; custom_padding=&#8221;|150px||150px&#8221; custom_padding_tablet=&#8221;|0px||0px&#8221; custom_padding_phone=&#8221;&#8221;][et_pb_column type=&#8221;4_4&#8243; _builder_version=&#8221;3.0.47&#8243; background_position=&#8221;top_left&#8221; custom_padding=&#8221;|||&#8221; custom_padding__hover=&#8221;|||&#8221;][et_pb_text admin_label=&#8221;Rubrik&#8221; _builder_version=&#8221;4.8.2&#8243; header_font=&#8221;|||on|&#8221; vertical_offset_tablet=&#8221;0&#8243; horizontal_offset_tablet=&#8221;0&#8243; module_alignment=&#8221;left&#8221; hover_enabled=&#8221;0&#8243; z_index_tablet=&#8221;0&#8243; text_text_shadow_horizontal_length_tablet=&#8221;0px&#8221; text_text_shadow_vertical_length_tablet=&#8221;0px&#8221; text_text_shadow_blur_strength_tablet=&#8221;1px&#8221; link_text_shadow_horizontal_length_tablet=&#8221;0px&#8221; link_text_shadow_vertical_length_tablet=&#8221;0px&#8221; link_text_shadow_blur_strength_tablet=&#8221;1px&#8221; ul_text_shadow_horizontal_length_tablet=&#8221;0px&#8221; ul_text_shadow_vertical_length_tablet=&#8221;0px&#8221; ul_text_shadow_blur_strength_tablet=&#8221;1px&#8221; ol_text_shadow_horizontal_length_tablet=&#8221;0px&#8221; ol_text_shadow_vertical_length_tablet=&#8221;0px&#8221; ol_text_shadow_blur_strength_tablet=&#8221;1px&#8221; quote_text_shadow_horizontal_length_tablet=&#8221;0px&#8221; quote_text_shadow_vertical_length_tablet=&#8221;0px&#8221; quote_text_shadow_blur_strength_tablet=&#8221;1px&#8221; header_text_shadow_horizontal_length_tablet=&#8221;0px&#8221; header_text_shadow_vertical_length_tablet=&#8221;0px&#8221; header_text_shadow_blur_strength_tablet=&#8221;1px&#8221; header_2_text_shadow_horizontal_length_tablet=&#8221;0px&#8221; header_2_text_shadow_vertical_length_tablet=&#8221;0px&#8221; header_2_text_shadow_blur_strength_tablet=&#8221;1px&#8221; header_3_text_shadow_horizontal_length_tablet=&#8221;0px&#8221; header_3_text_shadow_vertical_length_tablet=&#8221;0px&#8221; header_3_text_shadow_blur_strength_tablet=&#8221;1px&#8221; header_4_text_shadow_horizontal_length_tablet=&#8221;0px&#8221; header_4_text_shadow_vertical_length_tablet=&#8221;0px&#8221; header_4_text_shadow_blur_strength_tablet=&#8221;1px&#8221; header_5_text_shadow_horizontal_length_tablet=&#8221;0px&#8221; header_5_text_shadow_vertical_length_tablet=&#8221;0px&#8221; header_5_text_shadow_blur_strength_tablet=&#8221;1px&#8221; header_6_text_shadow_horizontal_length_tablet=&#8221;0px&#8221; header_6_text_shadow_vertical_length_tablet=&#8221;0px&#8221; header_6_text_shadow_blur_strength_tablet=&#8221;1px&#8221; box_shadow_horizontal_tablet=&#8221;0px&#8221; box_shadow_vertical_tablet=&#8221;0px&#8221; box_shadow_blur_tablet=&#8221;40px&#8221; box_shadow_spread_tablet=&#8221;0px&#8221; sticky_enabled=&#8221;0&#8243;]<\/p>\n<h1>Anl\u00e4ggningssk\u00f6tare, brandlarm och sprinkler<\/h1>\n<p>[\/et_pb_text][et_pb_text _builder_version=&#8221;4.8.2&#8243; header_2_font_size=&#8221;21px&#8221; header_2_line_height=&#8221;1.3em&#8221; vertical_offset_tablet=&#8221;0&#8243; horizontal_offset_tablet=&#8221;0&#8243; module_alignment=&#8221;left&#8221; z_index_tablet=&#8221;0&#8243; text_text_shadow_horizontal_length_tablet=&#8221;0px&#8221; text_text_shadow_vertical_length_tablet=&#8221;0px&#8221; text_text_shadow_blur_strength_tablet=&#8221;1px&#8221; link_text_shadow_horizontal_length_tablet=&#8221;0px&#8221; link_text_shadow_vertical_length_tablet=&#8221;0px&#8221; link_text_shadow_blur_strength_tablet=&#8221;1px&#8221; ul_text_shadow_horizontal_length_tablet=&#8221;0px&#8221; ul_text_shadow_vertical_length_tablet=&#8221;0px&#8221; ul_text_shadow_blur_strength_tablet=&#8221;1px&#8221; ol_text_shadow_horizontal_length_tablet=&#8221;0px&#8221; ol_text_shadow_vertical_length_tablet=&#8221;0px&#8221; ol_text_shadow_blur_strength_tablet=&#8221;1px&#8221; quote_text_shadow_horizontal_length_tablet=&#8221;0px&#8221; quote_text_shadow_vertical_length_tablet=&#8221;0px&#8221; quote_text_shadow_blur_strength_tablet=&#8221;1px&#8221; header_text_shadow_horizontal_length_tablet=&#8221;0px&#8221; header_text_shadow_vertical_length_tablet=&#8221;0px&#8221; header_text_shadow_blur_strength_tablet=&#8221;1px&#8221; header_2_text_shadow_horizontal_length_tablet=&#8221;0px&#8221; header_2_text_shadow_vertical_length_tablet=&#8221;0px&#8221; header_2_text_shadow_blur_strength_tablet=&#8221;1px&#8221; header_3_text_shadow_horizontal_length_tablet=&#8221;0px&#8221; header_3_text_shadow_vertical_length_tablet=&#8221;0px&#8221; header_3_text_shadow_blur_strength_tablet=&#8221;1px&#8221; header_4_text_shadow_horizontal_length_tablet=&#8221;0px&#8221; header_4_text_shadow_vertical_length_tablet=&#8221;0px&#8221; header_4_text_shadow_blur_strength_tablet=&#8221;1px&#8221; header_5_text_shadow_horizontal_length_tablet=&#8221;0px&#8221; header_5_text_shadow_vertical_length_tablet=&#8221;0px&#8221; header_5_text_shadow_blur_strength_tablet=&#8221;1px&#8221; header_6_text_shadow_horizontal_length_tablet=&#8221;0px&#8221; header_6_text_shadow_vertical_length_tablet=&#8221;0px&#8221; header_6_text_shadow_blur_strength_tablet=&#8221;1px&#8221; box_shadow_horizontal_tablet=&#8221;0px&#8221; box_shadow_vertical_tablet=&#8221;0px&#8221; box_shadow_blur_tablet=&#8221;40px&#8221; box_shadow_spread_tablet=&#8221;0px&#8221;]<\/p>\n<h2>Allm\u00e4n beskrivning av utbildningen<\/h2>\n<p>Utbildningen ger deltagaren de kunskaper som \u00e4r kravst\u00e4llda i SBF110 respektive SBF120 f\u00f6r att arbeta som anl\u00e4ggningssk\u00f6tare.<br \/>\nUtbildningen genomf\u00f6rs p\u00e5 plats hos kunden f\u00f6r att ge deltagaren m\u00f6jlighet att arbeta med f\u00f6retagets egen utrustning.<\/p>\n<h2>Utbildningens m\u00e5l<\/h2>\n<p>Ge deltagaren den kunskap som st\u00e4lls p\u00e5 en anl\u00e4ggningssk\u00f6tare.<\/p>\n<h2>Utbildningens l\u00e4ngd<\/h2>\n<p>1 dag<\/p>\n<h2>M\u00e5lgrupp<\/h2>\n<p>Personer som arbetar som anl\u00e4ggningssk\u00f6tare brandlarm samt vattensprinkler.<\/p>\n<h2 style=\"padding-top: 15px;\">Inneh\u00e5ll<\/h2>\n<ul>\n<li>Allm\u00e4n brandkunskap \/ F\u00f6rebyggande brandskydd<\/li>\n<li>Regelverk och krav<\/li>\n<li>Anl\u00e4ggningssk\u00f6tarens roll<\/li>\n<li>Anl\u00e4ggningens funktion\/er<\/li>\n<li>Systemens olika funktioner<\/li>\n<li>Praktiskt handhavande<\/li>\n<li>Motverka on\u00f6diga larm<\/li>\n<li>Riskbed\u00f6mningar som kr\u00e4ver f\u00f6r\u00e4ndringar<\/li>\n<\/ul>\n<p>[\/et_pb_text][et_pb_button button_url=&#8221;&#109;a&#x69;l&#x74;&#111;&#x3a;&#98;&#x73;&#108;a&#x63;a&#x64;&#101;&#x6d;&#121;&#x40;&#98;&#x73;&#108;&#46;&#x73;e?subject=Intresseanm\u00e4lan%20Anl\u00e4ggningssk\u00f6tare%20brandlarm%20sprinkler&#8221; button_text=&#8221;Kontakta oss&#8221; _builder_version=&#8221;4.8.2&#8243; custom_button=&#8221;on&#8221; button_border_color=&#8221;#333333&#8243; button_border_radius=&#8221;3px&#8221; button_font=&#8221;|||on|||||&#8221; button_use_icon=&#8221;off&#8221; vertical_offset_tablet=&#8221;0&#8243; horizontal_offset_tablet=&#8221;0&#8243; z_index_tablet=&#8221;0&#8243; button_text_shadow_horizontal_length_tablet=&#8221;0px&#8221; button_text_shadow_vertical_length_tablet=&#8221;0px&#8221; button_text_shadow_blur_strength_tablet=&#8221;1px&#8221; box_shadow_horizontal_tablet=&#8221;0px&#8221; box_shadow_vertical_tablet=&#8221;0px&#8221; box_shadow_blur_tablet=&#8221;40px&#8221; box_shadow_spread_tablet=&#8221;0px&#8221; saved_tabs=&#8221;all&#8221;][\/et_pb_button][\/et_pb_column][\/et_pb_row][\/et_pb_section]<\/p>\n","protected":false},"excerpt":{"rendered":"<p>Anl\u00e4ggningssk\u00f6tare, brandlarm och sprinklerAllm\u00e4n beskrivning av utbildningen Utbildningen ger deltagaren de kunskaper som \u00e4r kravst\u00e4llda i SBF110 respektive SBF120 f\u00f6r att arbeta som anl\u00e4ggningssk\u00f6tare. Utbildningen genomf\u00f6rs p\u00e5 plats hos kunden f\u00f6r att ge deltagaren m\u00f6jlighet att arbeta med f\u00f6retagets egen utrustning. Utbildningens m\u00e5l Ge deltagaren den kunskap som st\u00e4lls p\u00e5 en anl\u00e4ggningssk\u00f6tare. Utbildningens l\u00e4ngd 1 [&hellip;]<\/p>\n","protected":false},"author":55,"featured_media":0,"parent":0,"menu_order":0,"comment_status":"closed","ping_status":"closed","template":"","meta":{"_et_pb_use_builder":"on","_et_pb_old_content":"","_et_gb_content_width":"","footnotes":""},"class_list":["post-13106","page","type-page","status-publish","hentry"],"aioseo_notices":[],"_links":{"self":[{"href":"https:\/\/brandskyddslaget.se\/en\/wp-json\/wp\/v2\/pages\/13106","targetHints":{"allow":["GET"]}}],"collection":[{"href":"https:\/\/brandskyddslaget.se\/en\/wp-json\/wp\/v2\/pages"}],"about":[{"href":"https:\/\/brandskyddslaget.se\/en\/wp-json\/wp\/v2\/types\/page"}],"author":[{"embeddable":true,"href":"https:\/\/brandskyddslaget.se\/en\/wp-json\/wp\/v2\/users\/55"}],"replies":[{"embeddable":true,"href":"https:\/\/brandskyddslaget.se\/en\/wp-json\/wp\/v2\/comments?post=13106"}],"version-history":[{"count":0,"href":"https:\/\/brandskyddslaget.se\/en\/wp-json\/wp\/v2\/pages\/13106\/revisions"}],"wp:attachment":[{"href":"https:\/\/brandskyddslaget.se\/en\/wp-json\/wp\/v2\/media?parent=13106"}],"curies":[{"name":"wp","href":"https:\/\/api.w.org\/{rel}","templated":true}]}}