{"id":3363,"date":"2017-10-19T09:00:26","date_gmt":"2017-10-19T07:00:26","guid":{"rendered":"https:\/\/brandskyddslaget.se\/reference-projects\/industrier\/"},"modified":"2019-02-05T17:13:17","modified_gmt":"2019-02-05T16:13:17","slug":"industrial","status":"publish","type":"page","link":"https:\/\/brandskyddslaget.se\/en\/reference-projects\/industrial\/","title":{"rendered":"Reference Projects Industrial"},"content":{"rendered":"<p>[et_pb_section fb_built=&#8221;1&#8243; _builder_version=&#8221;3.0.82&#8243;][et_pb_row _builder_version=&#8221;3.0.48&#8243; background_size=&#8221;initial&#8221; background_position=&#8221;top_left&#8221; background_repeat=&#8221;repeat&#8221;][et_pb_column type=&#8221;4_4&#8243; _builder_version=&#8221;3.0.47&#8243; parallax=&#8221;off&#8221; parallax_method=&#8221;on&#8221;][et_pb_text admin_label=&#8221;Rubrik&#8221; _builder_version=&#8221;3.9&#8243; header_font=&#8221;|||on|&#8221; text_orientation=&#8221;center&#8221; module_alignment=&#8221;center&#8221;]<\/p>\n<h1>Reference Projects \u2013 Industrial<\/h1>\n<p>[\/et_pb_text][et_pb_text admin_label=&#8221;Intro&#8221; _builder_version=&#8221;3.19.9&#8243; text_font_size=&#8221;22px&#8221; custom_padding=&#8221;|150px||150px&#8221; custom_padding_tablet=&#8221;|0px||0px&#8221; custom_padding_last_edited=&#8221;on|desktop&#8221; border_style=&#8221;solid&#8221;]We have extensive experience in fire safety and risk assessment of industrial facilities and activities. Below you can read a selection of our projects. For more information don\u2019t hesitate to <a href=\"https:\/\/brandskyddslaget.se\/en\/contact-persons\/\">contact us<\/a>![\/et_pb_text][\/et_pb_column][\/et_pb_row][et_pb_row use_custom_gutter=&#8221;on&#8221; gutter_width=&#8221;2&#8243; make_equal=&#8221;on&#8221; background_position_1=&#8221;top_left&#8221; background_position_2=&#8221;top_left&#8221; background_position_3=&#8221;top_left&#8221; background_repeat_1=&#8221;no-repeat&#8221; background_repeat_2=&#8221;no-repeat&#8221; background_repeat_3=&#8221;no-repeat&#8221; _builder_version=&#8221;3.0.82&#8243;][et_pb_column type=&#8221;1_3&#8243; _builder_version=&#8221;3.0.47&#8243; parallax=&#8221;off&#8221; parallax_method=&#8221;on&#8221; background_position=&#8221;top_left&#8221; background_repeat=&#8221;no-repeat&#8221;][et_pb_image src=&#8221;https:\/\/brandskyddslaget.se\/wp-content\/uploads\/2017\/10\/kvv8-vartahamnen-stockholm.jpg&#8221; alt=&#8221;KVV8, Stockholm&#8221; align=&#8221;center&#8221; admin_label=&#8221;KVV8, Stockholm&#8221; module_id=&#8221;kvv8&#8243; _builder_version=&#8221;3.0.89&#8243; border_style_all=&#8221;solid&#8221; animation_direction=&#8221;off&#8221; border_style=&#8221;solid&#8221; animation=&#8221;off&#8221; sticky=&#8221;off&#8221; saved_tabs=&#8221;all&#8221;][\/et_pb_image][et_pb_text admin_label=&#8221;Rubrik&#8221; _builder_version=&#8221;3.0.89&#8243; background_color=&#8221;#ececec&#8221; border_style_all=&#8221;solid&#8221; custom_margin=&#8221;-17px||-5px|&#8221; custom_margin_tablet=&#8221;-30px||-5px|&#8221; custom_margin_last_edited=&#8221;on|desktop&#8221; custom_padding=&#8221;15px|20px||20px&#8221; border_style=&#8221;solid&#8221; saved_tabs=&#8221;all&#8221;]<\/p>\n<h6>KVV8, Stockholm<\/h6>\n<p>[\/et_pb_text][et_pb_toggle title=&#8221;Read More&#8221; open_toggle_text_color=&#8221;#333333&#8243; open_toggle_background_color=&#8221;#ececec&#8221; closed_toggle_text_color=&#8221;#333333&#8243; closed_toggle_background_color=&#8221;#ececec&#8221; icon_color=&#8221;#333333&#8243; admin_label=&#8221;L\u00e4s mer&#8221; module_id=&#8221;telefon&#8221; _builder_version=&#8221;3.19.9&#8243; title_font_size=&#8221;18&#8243; border_color_all=&#8221;#ff1616&#8243; custom_margin=&#8221;-10px|||&#8221; custom_margin_last_edited=&#8221;on|phone&#8221; border_color=&#8221;#ff1616&#8243; border_style=&#8221;solid&#8221;]<\/p>\n<p><strong>About the Object<\/strong><br \/>Fortum V\u00e4rme built Sweden\u2019s largest Combined Heat and Power (CHP) station based on biofuel. The biofuel generates 750 GWh electricity and 1700 GWh heat annually. The facility, which is situated in the V\u00e4rta Harbour in Stockholm, is one of the largest of its kind in the world and became operational in December 2016. The project consisted of a boiler in the V\u00e4rta Plant, a delivery station in the Energy Harbour and an underground tunnel for transport of the biofuel.<\/p>\n<p><strong>How have we assisted the project?<\/strong><br \/>Brandskyddslaget participated in the design of the fire safety for all parts of the project, but our greatest input was focused on safe operations.<\/p>\n<p>A significant part of the project has also included fire safety during the building phase as the existing facility was active throughout the construction of the new facility. As certain parts of the facility have a complicated use profile the fire gas ventilation system was designed with bespoke functions. The active suppression systems include, for example, sprinklers, water mist, a spark suppression system, CO2, Novec 1230, an explosion suppression system and water cannons. Given the complexity of the facility and fire safety systems, it was important to foster good communication and collaboration between the local first responders and other relevant authorities.<\/p>\n<p><strong>Client:<\/strong> AB Fortum V\u00e4rme in joint venture with Stockholm City<\/p>\n<p><em>Photo: Gottlieb Paludan Architects, UD Urban Design AB<\/em><\/p>\n<hr \/>\n<h5>Contact<\/h5>\n<p><strong>Thomas de Korostenski<\/strong><br \/><a href=\"tel:+46858818865\">+46 (0)8 588 188 65<\/a><br \/><a href=\"&#109;&#x61;&#105;&#x6c;t&#111;&#x3a;&#116;&#x68;o&#x6d;a&#115;&#x2e;&#107;&#x6f;r&#x6f;&#x73;&#116;&#x65;n&#x73;k&#105;&#x40;&#98;&#x72;a&#x6e;d&#115;&#x6b;&#121;&#x64;d&#115;&#x6c;&#97;&#x67;e&#x74;&#46;&#115;&#x65;\">Send email<\/a><\/p>\n<p>[\/et_pb_toggle][\/et_pb_column][et_pb_column type=&#8221;1_3&#8243; _builder_version=&#8221;3.0.47&#8243; parallax=&#8221;off&#8221; parallax_method=&#8221;on&#8221; background_position=&#8221;top_left&#8221; background_repeat=&#8221;no-repeat&#8221;][et_pb_image src=&#8221;https:\/\/brandskyddslaget.se\/wp-content\/uploads\/2017\/10\/eon-varme-arninge.jpg&#8221; alt=&#8221;E.ON V\u00e4rme, Arninge&#8221; align=&#8221;center&#8221; admin_label=&#8221;E.ON V\u00e4rme, Arninge&#8221; module_id=&#8221;eon-varme&#8221; _builder_version=&#8221;3.0.89&#8243; border_style_all=&#8221;solid&#8221; animation_direction=&#8221;off&#8221; border_style=&#8221;solid&#8221; animation=&#8221;off&#8221; sticky=&#8221;off&#8221; saved_tabs=&#8221;all&#8221;][\/et_pb_image][et_pb_text admin_label=&#8221;Rubrik&#8221; _builder_version=&#8221;3.0.89&#8243; background_color=&#8221;#ececec&#8221; border_style_all=&#8221;solid&#8221; custom_margin=&#8221;-17px||-5px|&#8221; custom_margin_tablet=&#8221;-30px||-5px|&#8221; custom_margin_last_edited=&#8221;on|desktop&#8221; custom_padding=&#8221;15px|20px||20px&#8221; border_style=&#8221;solid&#8221; saved_tabs=&#8221;all&#8221;]<\/p>\n<h6>E.ON V\u00e4rme, Arninge<\/h6>\n<p>[\/et_pb_text][et_pb_toggle title=&#8221;Read More&#8221; open_toggle_text_color=&#8221;#333333&#8243; open_toggle_background_color=&#8221;#ececec&#8221; closed_toggle_text_color=&#8221;#333333&#8243; closed_toggle_background_color=&#8221;#ececec&#8221; icon_color=&#8221;#333333&#8243; admin_label=&#8221;L\u00e4s mer&#8221; module_id=&#8221;telefon&#8221; _builder_version=&#8221;3.19.9&#8243; title_font_size=&#8221;18&#8243; custom_margin=&#8221;-10px|||&#8221; custom_margin_last_edited=&#8221;on|phone&#8221; border_style=&#8221;solid&#8221;]<\/p>\n<p><strong>About the Object<\/strong><br \/>The building of E.ON V\u00e4rme&#8217;s new Heat Generation Facility in Arninge.<\/p>\n<p><strong>How have we assisted the project?<\/strong><br \/>Brandskyddslaget conducted the fire engineering design and associated fire risk assessment to minimize downtime due to a fire.<\/p>\n<p>We also conducted the detailed analyses for H\u00e4ndel\u00f6 Plant concerning fire protection of existing turbines.<\/p>\n<p>We have also participated in the design of new facilities or renovation of existing facilities for E.ON in \u00c5kersberga, Norrk\u00f6ping, and \u00c5byverket.<\/p>\n<p><strong>Client:<\/strong> E.ON V\u00e4rme<\/p>\n<p><em>Photo: Scheiwiller Svensson Arkitektkontor AB<\/em><\/p>\n<hr \/>\n<h5>Contact<\/h5>\n<p><strong>Thomas de Korostenski<\/strong><br \/><a href=\"tel:+46858818865\">+46 (0)8 588 188 65<\/a><br \/><a href=\"ma&#105;&#108;&#116;&#x6f;&#x3a;&#x74;&#x68;om&#97;&#115;&#46;&#x6b;&#x6f;&#x72;&#x6f;st&#101;&#110;&#115;&#x6b;&#x69;&#x40;&#x62;ra&#110;&#100;&#115;&#x6b;&#x79;&#x64;&#x64;sl&#97;&#103;&#101;&#x74;&#x2e;&#x73;&#x65;\">Send email<\/a><\/p>\n<p>[\/et_pb_toggle][\/et_pb_column][et_pb_column type=&#8221;1_3&#8243; _builder_version=&#8221;3.0.47&#8243; parallax=&#8221;off&#8221; parallax_method=&#8221;on&#8221; background_position=&#8221;top_left&#8221; background_repeat=&#8221;no-repeat&#8221;][et_pb_image src=&#8221;https:\/\/brandskyddslaget.se\/wp-content\/uploads\/2017\/10\/igelstaverket-sodertalje.jpg&#8221; alt=&#8221;Igelstaverket, S\u00f6dert\u00e4lje&#8221; align=&#8221;center&#8221; admin_label=&#8221;Igelstaverket, S\u00f6dert\u00e4lje&#8221; module_id=&#8221;igelsta-plant&#8221; _builder_version=&#8221;3.9&#8243; border_style=&#8221;solid&#8221; animation=&#8221;off&#8221; sticky=&#8221;off&#8221; saved_tabs=&#8221;all&#8221;][\/et_pb_image][et_pb_text admin_label=&#8221;Rubrik&#8221; _builder_version=&#8221;3.9&#8243; background_color=&#8221;#ececec&#8221; custom_margin=&#8221;-17px||-5px|&#8221; custom_margin_tablet=&#8221;-30px||-5px|&#8221; custom_margin_last_edited=&#8221;on|desktop&#8221; custom_padding=&#8221;15px|20px||20px&#8221; border_style=&#8221;solid&#8221; saved_tabs=&#8221;all&#8221;]<\/p>\n<h6>Igelsta Plant, S\u00f6dert\u00e4lje<\/h6>\n<p>[\/et_pb_text][et_pb_toggle title=&#8221;Read More&#8221; open_toggle_text_color=&#8221;#333333&#8243; open_toggle_background_color=&#8221;#ececec&#8221; closed_toggle_text_color=&#8221;#333333&#8243; closed_toggle_background_color=&#8221;#ececec&#8221; icon_color=&#8221;#333333&#8243; admin_label=&#8221;L\u00e4s mer&#8221; module_id=&#8221;telefon&#8221; _builder_version=&#8221;3.19.9&#8243; title_font_size=&#8221;18&#8243; custom_margin=&#8221;-10px|||&#8221; custom_margin_last_edited=&#8221;on|phone&#8221; border_style=&#8221;solid&#8221;]<\/p>\n<p><strong>About the Object<\/strong><br \/>Igelsta Plant is adjacent to the S\u00f6dert\u00e4lje Channel. Both Ingesta Heat Plant and Ingesta Combined Heat and Power (CHP) Plant are located on the same site. This site is the second largest biofuel facility in Sweden. As the facility uses recycled waste wood as the biofuel, sulphur granulate is injected into the boiler to improve the efficiency of the combustion.<\/p>\n<p><strong>How have we assisted the project?<\/strong><br \/>Brandskyddslaget has participated in the design and storage of the sulphur granulate from the perspective of fire safety.<\/p>\n<p>We have developed a fire safety design report an evaluation of the suppression system and fire protection design sketches for a new extension to an existing electrical substation.<\/p>\n<p><strong>Client:<\/strong> S\u00f6derenergi<\/p>\n<p><em>Photo: Scheiwiller Svensson Arkitektkontor AB<\/em><\/p>\n<hr \/>\n<h5>Contact<\/h5>\n<p><strong>Thomas de Korostenski<\/strong><br \/><a href=\"tel:+46858818865\">+46 (0)8 588 188 65<\/a><br \/><a href=\"mailto&#58;&#116;&#104;&#111;&#109;&#97;&#115;&#x2e;&#x6b;&#x6f;&#x72;&#x6f;&#x73;&#x74;&#x65;&#x6e;&#x73;&#x6b;&#x69;&#64;brand&#115;&#107;&#121;&#100;&#100;&#115;&#108;&#x61;&#x67;&#x65;&#x74;&#x2e;&#x73;&#x65;\">Send email<\/a><\/p>\n<p>[\/et_pb_toggle][\/et_pb_column][\/et_pb_row][et_pb_row use_custom_gutter=&#8221;on&#8221; gutter_width=&#8221;2&#8243; make_equal=&#8221;on&#8221; background_position_1=&#8221;top_left&#8221; background_position_2=&#8221;top_left&#8221; background_position_3=&#8221;top_left&#8221; background_repeat_1=&#8221;no-repeat&#8221; background_repeat_2=&#8221;no-repeat&#8221; background_repeat_3=&#8221;no-repeat&#8221; _builder_version=&#8221;3.0.82&#8243;][et_pb_column type=&#8221;1_3&#8243; _builder_version=&#8221;3.0.47&#8243; parallax=&#8221;off&#8221; parallax_method=&#8221;on&#8221; background_position=&#8221;top_left&#8221; background_repeat=&#8221;no-repeat&#8221;][et_pb_image src=&#8221;https:\/\/brandskyddslaget.se\/wp-content\/uploads\/2017\/10\/hedenverket-karlstad.jpg&#8221; alt=&#8221;Hedenverket, Karlstad&#8221; align=&#8221;center&#8221; admin_label=&#8221;Hedenverket, Karlstad&#8221; module_id=&#8221;heden-plant&#8221; _builder_version=&#8221;3.9&#8243; border_style=&#8221;solid&#8221; animation=&#8221;off&#8221; sticky=&#8221;off&#8221; saved_tabs=&#8221;all&#8221;][\/et_pb_image][et_pb_text admin_label=&#8221;Rubrik&#8221; _builder_version=&#8221;3.9&#8243; background_color=&#8221;#ececec&#8221; custom_margin=&#8221;-17px||-5px|&#8221; custom_margin_tablet=&#8221;-30px||-5px|&#8221; custom_margin_last_edited=&#8221;on|desktop&#8221; custom_padding=&#8221;15px|20px||20px&#8221; border_style=&#8221;solid&#8221; saved_tabs=&#8221;all&#8221;]<\/p>\n<h6>Heden Plant, Karlstad<\/h6>\n<p>[\/et_pb_text][et_pb_toggle title=&#8221;Read More&#8221; open_toggle_text_color=&#8221;#333333&#8243; open_toggle_background_color=&#8221;#ececec&#8221; closed_toggle_text_color=&#8221;#333333&#8243; closed_toggle_background_color=&#8221;#ececec&#8221; icon_color=&#8221;#333333&#8243; admin_label=&#8221;L\u00e4s mer&#8221; module_id=&#8221;telefon&#8221; _builder_version=&#8221;3.19.9&#8243; title_font_size=&#8221;18&#8243; border_color_all=&#8221;#ff1616&#8243; custom_margin=&#8221;-10px|||&#8221; custom_margin_last_edited=&#8221;on|phone&#8221; border_color=&#8221;#ff1616&#8243; border_style=&#8221;solid&#8221;]<\/p>\n<p><strong>About the Object<\/strong><br \/>Heden Stage 3 (the name of the latest boiler) is the largest single investment in the history of Karlstad County. The building phase of the project was initiated in the autumn of 2012 and the facility was completed in the autumn of 2014. The aim of the project was to phase out the use of fossil oil and to increase the production of renewable electricity. In the long term, the aim was also to secure delivery of heat and improve the potential to connect additional customers to district heating.<\/p>\n<p><strong>How have we assisted the project?<\/strong><br \/>Brandskyddslaget designed the fire safety, conducted numerous fire risk assessments and developed the fire protection documentation for the boiler building, the control room, the technical facilities and offices, and other industrial buildings. We also inspected the final installation, coordinated testing and secured relevant expert opinions.<\/p>\n<p><strong>Client:<\/strong> Karlstads Energi<\/p>\n<p><em>Photo: Tengbom<\/em><\/p>\n<hr \/>\n<h5>Contact<\/h5>\n<p><strong>Martin Olander<\/strong><br \/><a href=\"tel:+46858818857\">+46 (0)8 588 188 57<\/a><br \/><a href=\"&#x6d;&#x61;&#x69;&#x6c;&#x74;&#x6f;&#58;&#109;&#97;&#114;tin&#46;&#x6f;&#x6c;&#x61;&#x6e;&#x64;&#x65;&#114;&#64;&#98;&#114;&#97;nds&#x6b;&#x79;&#x64;&#x64;&#x73;&#x6c;&#97;&#103;&#101;&#116;&#46;se\">Send email<\/a><\/p>\n<p>[\/et_pb_toggle][\/et_pb_column][et_pb_column type=&#8221;1_3&#8243; _builder_version=&#8221;3.0.47&#8243; parallax=&#8221;off&#8221; parallax_method=&#8221;on&#8221; background_position=&#8221;top_left&#8221; background_repeat=&#8221;no-repeat&#8221;][et_pb_image src=&#8221;https:\/\/brandskyddslaget.se\/wp-content\/uploads\/2017\/10\/sandvik-coromant-vastberga.jpg&#8221; alt=&#8221;Sandvik Coromant V\u00e4stberga&#8221; align=&#8221;center&#8221; admin_label=&#8221;Sandvik, Stockholm&#8221; module_id=&#8221;sandvik&#8221; _builder_version=&#8221;3.0.89&#8243; border_style_all=&#8221;solid&#8221; animation_direction=&#8221;off&#8221; border_style=&#8221;solid&#8221; animation=&#8221;off&#8221; sticky=&#8221;off&#8221; saved_tabs=&#8221;all&#8221;][\/et_pb_image][et_pb_text admin_label=&#8221;Rubrik&#8221; _builder_version=&#8221;3.0.89&#8243; background_color=&#8221;#ececec&#8221; border_style_all=&#8221;solid&#8221; custom_margin=&#8221;-17px||-5px|&#8221; custom_margin_tablet=&#8221;-30px||-5px|&#8221; custom_margin_last_edited=&#8221;on|desktop&#8221; custom_padding=&#8221;15px|20px||20px&#8221; border_style=&#8221;solid&#8221; saved_tabs=&#8221;all&#8221;]<\/p>\n<h6>Sandvik, Stockholm<\/h6>\n<p>[\/et_pb_text][et_pb_toggle title=&#8221;Read More&#8221; open_toggle_text_color=&#8221;#333333&#8243; open_toggle_background_color=&#8221;#ececec&#8221; closed_toggle_text_color=&#8221;#333333&#8243; closed_toggle_background_color=&#8221;#ececec&#8221; icon_color=&#8221;#333333&#8243; admin_label=&#8221;L\u00e4s mer&#8221; module_id=&#8221;telefon&#8221; _builder_version=&#8221;3.19.9&#8243; title_font_size=&#8221;18&#8243; custom_margin=&#8221;-10px|||&#8221; custom_margin_last_edited=&#8221;on|phone&#8221; border_style=&#8221;solid&#8221;]<\/p>\n<p><strong>About the Object<\/strong><br \/>Sandvik Coromant\u2019s production facilities are located in V\u00e4stberga, south of Stockholm.<\/p>\n<p><strong>Vad vi har hj\u00e4lpt till med<\/strong><br \/>Brandskyddslaget has participated as fire and risk consultants in conjunction with both large and small renovation of buildings and in the development and installation of new production and control equipment.<\/p>\n<p>Examples of projects include:<\/p>\n<ul>\n<li>Replacement of the Main Electrical Substation. The project was planned together with the electricity distributor Fortum AB. The new substation was placed in the inner courtyard between two existing buildings, where the distance between buildings could be compensated for using amongst other features a sprinkler installation in one of the buildings. The substation was protected using a suppression system and pressure relief system. The actual building process was planned together with the various contractors to ensure minimal loss of operations.<\/li>\n<li>Installation of New X-ray Equipment in the L-Building. This required the rebuilding of facilities with high requirements concerning the level of safety and cleanliness.<\/li>\n<li>Improving the Efficiency of a Production Line. This was achieved by rebuilding the automatic warehouse and introducing a paternoster lift system.<\/li>\n<li>Numerous renovations of ventilation systems.<\/li>\n<li>Renovation of lecture theatres.<\/li>\n<\/ul>\n<p><strong>Client:<\/strong> Sandvik<\/p>\n<p><em>Photo: Jordgubbe\/Wikimedia Commons<\/em><\/p>\n<hr \/>\n<h5>Contact<\/h5>\n<p><strong>Ingemar Lindahl<\/strong><br \/><a href=\"tel:+46769461912\">+46 (0)76 946 19 12<\/a><br \/><a href=\"&#109;&#x61;i&#108;&#x74;o&#58;&#x69;n&#x67;&#x65;&#109;&#x61;r&#46;&#x6c;i&#110;&#x64;a&#x68;&#x6c;&#64;&#x62;&#x72;&#97;&#x6e;d&#115;&#x6b;y&#100;&#x64;s&#x6c;&#x61;&#103;&#x65;t&#46;&#x73;e\">Send email<\/a><\/p>\n<p>[\/et_pb_toggle][\/et_pb_column][et_pb_column type=&#8221;1_3&#8243; _builder_version=&#8221;3.0.47&#8243; parallax=&#8221;off&#8221; parallax_method=&#8221;on&#8221; background_position=&#8221;top_left&#8221; background_repeat=&#8221;no-repeat&#8221;][et_pb_image src=&#8221;https:\/\/brandskyddslaget.se\/wp-content\/uploads\/2017\/10\/driftomrade-arlanda.jpg&#8221; alt=&#8221;Driftomr\u00e5de Arlanda&#8221; align=&#8221;center&#8221; admin_label=&#8221;Driftomr\u00e5de Arlanda&#8221; module_id=&#8221;operations-field-arlanda&#8221; _builder_version=&#8221;3.9&#8243; border_style=&#8221;solid&#8221; animation=&#8221;off&#8221; sticky=&#8221;off&#8221; saved_tabs=&#8221;all&#8221;][\/et_pb_image][et_pb_text admin_label=&#8221;Rubrik&#8221; _builder_version=&#8221;3.9&#8243; background_color=&#8221;#ececec&#8221; custom_margin=&#8221;-17px||-5px|&#8221; custom_margin_tablet=&#8221;-30px||-5px|&#8221; custom_margin_last_edited=&#8221;on|desktop&#8221; custom_padding=&#8221;15px|20px||20px&#8221; border_style=&#8221;solid&#8221; saved_tabs=&#8221;all&#8221;]<\/p>\n<h6>Operations Field at Arlanda<\/h6>\n<p>[\/et_pb_text][et_pb_toggle title=&#8221;Read More&#8221; open_toggle_text_color=&#8221;#333333&#8243; open_toggle_background_color=&#8221;#ececec&#8221; closed_toggle_text_color=&#8221;#333333&#8243; closed_toggle_background_color=&#8221;#ececec&#8221; icon_color=&#8221;#333333&#8243; admin_label=&#8221;L\u00e4s mer&#8221; module_id=&#8221;telefon&#8221; _builder_version=&#8221;3.19.9&#8243; title_font_size=&#8221;18&#8243; custom_margin=&#8221;-10px|||&#8221; custom_margin_last_edited=&#8221;on|phone&#8221; border_style=&#8221;solid&#8221;]<\/p>\n<p><strong>About the Object<\/strong><br \/>When Arlanda Airport extended, the existing operations functions were moved to a new site. As a result, a totally new Operations Field was developed, making it possible to bring together operations functions that had previously been spread over a wide area.<\/p>\n<p>The new Operations Field will be divided into an Airside (including all areas accessible for aeroplanes including lanes, the tarmac, and ramps) and a Landside (including parking facilities, public transport, and train stations, and access routes).<\/p>\n<p><strong>How have we assisted the project?<\/strong><br \/>Brandskyddslaget is working together with Ramb\u00f6ll as sprinkler consultants in this project. We will develop the detailed design for 13 buildings, in total 47 000 square meters. The suppression system will be comprised of both wet and dry pipes systems.<\/p>\n<p>The buildings will house different types of activities including, for example, workshops, washing facilities, garages, security control, and offices. Further, canopies will be designed to house both small and large vehicles used, for example, for snow ploughing.<\/p>\n<p>At the same time, Arlanda is reviewing its water use system. We will assist them in designing new land-lines and accumulation facilities that can supply both fire posts and sprinkler systems.<\/p>\n<p><strong>Client:<\/strong> Swedavia and Ramb\u00f6ll<\/p>\n<p><em>Photo: SAS<\/em><\/p>\n<hr \/>\n<h5>Contact<\/h5>\n<p><strong>Gustavo Stolpe<\/strong><br \/><a href=\"tel:+46858818832\">+46 (0)8 588 188 32<\/a><br \/><a href=\"&#109;&#x61;&#105;&#x6c;t&#111;&#x3a;&#103;&#x75;s&#x74;a&#118;&#x6f;&#46;&#x73;t&#x6f;&#x6c;&#112;&#x65;&#64;&#x62;r&#97;&#x6e;&#100;&#x73;k&#x79;d&#100;&#x73;&#108;&#x61;g&#101;&#x74;&#46;&#x73;e\">Send email<\/a><\/p>\n<p>[\/et_pb_toggle][\/et_pb_column][\/et_pb_row][\/et_pb_section]<\/p>\n","protected":false},"excerpt":{"rendered":"<p>Reference Projects \u2013 Industrial We have extensive experience in fire safety and risk assessment of industrial facilities and activities. Below you can read a selection of our projects. For more information don\u2019t hesitate to contact us!KVV8, Stockholm About the ObjectFortum V\u00e4rme built Sweden\u2019s largest Combined Heat and Power (CHP) station based on biofuel. The biofuel [&hellip;]<\/p>\n","protected":false},"author":1,"featured_media":0,"parent":3347,"menu_order":0,"comment_status":"closed","ping_status":"closed","template":"","meta":{"_et_pb_use_builder":"on","_et_pb_old_content":"","_et_gb_content_width":"","footnotes":""},"class_list":["post-3363","page","type-page","status-publish","hentry"],"aioseo_notices":[],"_links":{"self":[{"href":"https:\/\/brandskyddslaget.se\/en\/wp-json\/wp\/v2\/pages\/3363","targetHints":{"allow":["GET"]}}],"collection":[{"href":"https:\/\/brandskyddslaget.se\/en\/wp-json\/wp\/v2\/pages"}],"about":[{"href":"https:\/\/brandskyddslaget.se\/en\/wp-json\/wp\/v2\/types\/page"}],"author":[{"embeddable":true,"href":"https:\/\/brandskyddslaget.se\/en\/wp-json\/wp\/v2\/users\/1"}],"replies":[{"embeddable":true,"href":"https:\/\/brandskyddslaget.se\/en\/wp-json\/wp\/v2\/comments?post=3363"}],"version-history":[{"count":6,"href":"https:\/\/brandskyddslaget.se\/en\/wp-json\/wp\/v2\/pages\/3363\/revisions"}],"predecessor-version":[{"id":3765,"href":"https:\/\/brandskyddslaget.se\/en\/wp-json\/wp\/v2\/pages\/3363\/revisions\/3765"}],"up":[{"embeddable":true,"href":"https:\/\/brandskyddslaget.se\/en\/wp-json\/wp\/v2\/pages\/3347"}],"wp:attachment":[{"href":"https:\/\/brandskyddslaget.se\/en\/wp-json\/wp\/v2\/media?parent=3363"}],"curies":[{"name":"wp","href":"https:\/\/api.w.org\/{rel}","templated":true}]}}