{"id":3385,"date":"2017-10-19T09:14:28","date_gmt":"2017-10-19T07:14:28","guid":{"rendered":"https:\/\/brandskyddslaget.se\/reference-projects\/skolor-forskolor\/"},"modified":"2019-02-05T17:06:24","modified_gmt":"2019-02-05T16:06:24","slug":"schools-preschools","status":"publish","type":"page","link":"https:\/\/brandskyddslaget.se\/en\/reference-projects\/schools-preschools\/","title":{"rendered":"Reference Projects Schools and Pre-schools"},"content":{"rendered":"<p>[et_pb_section fb_built=&#8221;1&#8243; _builder_version=&#8221;3.0.82&#8243;][et_pb_row _builder_version=&#8221;3.0.48&#8243; background_size=&#8221;initial&#8221; background_position=&#8221;top_left&#8221; background_repeat=&#8221;repeat&#8221;][et_pb_column type=&#8221;4_4&#8243; _builder_version=&#8221;3.0.47&#8243; parallax=&#8221;off&#8221; parallax_method=&#8221;on&#8221;][et_pb_text admin_label=&#8221;Rubrik&#8221; _builder_version=&#8221;3.9&#8243; header_font=&#8221;|||on|&#8221; text_orientation=&#8221;center&#8221; module_alignment=&#8221;center&#8221; border_style=&#8221;solid&#8221;]<\/p>\n<h1>Reference Projects \u2013 Schools and Pre-schools<\/h1>\n<p>[\/et_pb_text][et_pb_text admin_label=&#8221;Intro&#8221; _builder_version=&#8221;3.19.9&#8243; text_font_size=&#8221;22px&#8221; custom_padding=&#8221;|150px||150px&#8221; custom_padding_tablet=&#8221;|0px||0px&#8221; custom_padding_last_edited=&#8221;on|phone&#8221; border_style=&#8221;solid&#8221;]We have extensive experience of fire safety and risk assessment of schools and pre-schools. Below you can read about a selection of our projects. For more information don\u2019t hesitate to <a href=\"https:\/\/brandskyddslaget.se\/en\/contact-persons\/\">contact us<\/a>![\/et_pb_text][\/et_pb_column][\/et_pb_row][et_pb_row use_custom_gutter=&#8221;on&#8221; gutter_width=&#8221;2&#8243; background_position_1=&#8221;top_left&#8221; background_position_2=&#8221;top_left&#8221; background_position_3=&#8221;top_left&#8221; background_repeat_1=&#8221;no-repeat&#8221; background_repeat_2=&#8221;no-repeat&#8221; background_repeat_3=&#8221;no-repeat&#8221; _builder_version=&#8221;3.0.89&#8243; custom_margin_tablet=&#8221;-20px|||&#8221; custom_margin_phone=&#8221;-40px|||&#8221; custom_margin_last_edited=&#8221;on|tablet&#8221;][et_pb_column type=&#8221;1_3&#8243; _builder_version=&#8221;3.0.47&#8243; parallax=&#8221;off&#8221; parallax_method=&#8221;on&#8221; background_position=&#8221;top_left&#8221; background_repeat=&#8221;no-repeat&#8221;][et_pb_image src=&#8221;https:\/\/brandskyddslaget.se\/wp-content\/uploads\/2017\/10\/glomstaskolan-huddinge.jpg&#8221; alt=&#8221;Gl\u00f6mstaskolan, Huddinge&#8221; align=&#8221;center&#8221; admin_label=&#8221;Gl\u00f6mstaskolan, Huddinge&#8221; module_id=&#8221;glomsta-school&#8221; _builder_version=&#8221;3.9&#8243; border_style=&#8221;solid&#8221; animation=&#8221;off&#8221; sticky=&#8221;off&#8221; saved_tabs=&#8221;all&#8221;][\/et_pb_image][et_pb_text admin_label=&#8221;Rubrik&#8221; _builder_version=&#8221;3.9&#8243; background_color=&#8221;#ececec&#8221; custom_margin=&#8221;-17px||-5px|&#8221; custom_margin_tablet=&#8221;-30px||-5px|&#8221; custom_margin_last_edited=&#8221;on|desktop&#8221; custom_padding=&#8221;15px|20px||20px&#8221; border_style=&#8221;solid&#8221; saved_tabs=&#8221;all&#8221;]<\/p>\n<h6>Gl\u00f6msta School, Huddinge<\/h6>\n<p>[\/et_pb_text][et_pb_toggle title=&#8221;Read More&#8221; open_toggle_text_color=&#8221;#333333&#8243; open_toggle_background_color=&#8221;#ececec&#8221; closed_toggle_text_color=&#8221;#333333&#8243; closed_toggle_background_color=&#8221;#ececec&#8221; icon_color=&#8221;#333333&#8243; admin_label=&#8221;L\u00e4s mer&#8221; module_id=&#8221;telefon&#8221; _builder_version=&#8221;3.19.9&#8243; title_font_size=&#8221;18&#8243; border_color_all=&#8221;#ff1616&#8243; custom_margin=&#8221;-10px|||&#8221; custom_margin_last_edited=&#8221;on|phone&#8221; border_color=&#8221;#ff1616&#8243; border_style=&#8221;solid&#8221;]<\/p>\n<p><strong>About the Object<\/strong><br \/>A new building for a school in Huddinge with 720 students in 4 parallel classes from kindergarten to ninth grade. The school was completed for use in the autumn of 2016. The school is designed as a compact four storey building. A central atrium\/stairwell with numerous windows to each of the floors provides a feeling of connectivity in the building.<\/p>\n<p>The entrance (first) floor is glazed toward the schoolyard, providing open visibility both from inside and outside of the building. The back of the entrance floor is built into the landscape in a souterrain design. The second floor contains space for music\/drama\/home economics and art and crafts labs, all of which can be used even outside school hours.<\/p>\n<p>The more closed working areas are located on the third and fourth floors together with a teacher\u2019s room, nurse and curator space, library and science labs, which are also designed for collaboration within research themes, and a terrace with a view of the surrounding fields. The school is designed without long corridors, rather the teaching rooms are grouped around irregular spaces that can be furnished in different ways to complement the essential facilities.<\/p>\n<p><strong>How have we assisted the project?<\/strong><br \/>Brandskyddslaget has assisted in the development of system documentation, requirements for the request for proposals, building documentation, and overarching documentation. In addition to the fire safety design, which was conducted using simplified design, we have also conducted an analytical design of the fire classification of all glazed sections facing the atrium\/stairwell.<\/p>\n<p><strong>Client:<\/strong> Huge Fastigheter AB and Arcona AB<\/p>\n<hr \/>\n<h5>Contact<\/h5>\n<p><strong>John Hultquist<\/strong><br \/><a href=\"tel:+46858818872\">+46 (0)8 588 188 72<\/a><br \/><a href=\"&#x6d;&#97;&#x69;&#x6c;t&#x6f;&#58;j&#x6f;&#104;n&#x2e;&#104;&#x75;&#x6c;t&#x71;&#117;i&#x73;&#116;&#64;&#x62;&#114;&#x61;&#x6e;&#100;&#x73;&#x6b;y&#x64;&#100;s&#x6c;&#97;g&#x65;&#116;&#x2e;&#x73;e\">Send email<\/a><\/p>\n<p>[\/et_pb_toggle][\/et_pb_column][et_pb_column type=&#8221;1_3&#8243; _builder_version=&#8221;3.0.47&#8243; parallax=&#8221;off&#8221; parallax_method=&#8221;on&#8221; background_position=&#8221;top_left&#8221; background_repeat=&#8221;no-repeat&#8221;][et_pb_image src=&#8221;https:\/\/brandskyddslaget.se\/wp-content\/uploads\/2017\/10\/boo-gard-forskola-nacka.jpg&#8221; alt=&#8221;Boo G\u00e5rds f\u00f6rskola, Nacka&#8221; align=&#8221;center&#8221; admin_label=&#8221;Boo G\u00e5rds f\u00f6rskola, Nacka&#8221; module_id=&#8221;boo-gards-preschool&#8221; _builder_version=&#8221;3.9&#8243; border_style=&#8221;solid&#8221; animation=&#8221;off&#8221; sticky=&#8221;off&#8221; saved_tabs=&#8221;all&#8221;][\/et_pb_image][et_pb_text admin_label=&#8221;Rubrik&#8221; _builder_version=&#8221;3.9&#8243; background_color=&#8221;#ececec&#8221; custom_margin=&#8221;-17px||-5px|&#8221; custom_margin_tablet=&#8221;-30px||-5px|&#8221; custom_margin_last_edited=&#8221;on|desktop&#8221; custom_padding=&#8221;15px|20px||20px&#8221; border_style=&#8221;solid&#8221; saved_tabs=&#8221;all&#8221;]<\/p>\n<h6>Boo G\u00e5rd&#8217;s Pre-school, Nacka<\/h6>\n<p>[\/et_pb_text][et_pb_toggle title=&#8221;Read More&#8221; open_toggle_text_color=&#8221;#333333&#8243; open_toggle_background_color=&#8221;#ececec&#8221; closed_toggle_text_color=&#8221;#333333&#8243; closed_toggle_background_color=&#8221;#ececec&#8221; icon_color=&#8221;#333333&#8243; admin_label=&#8221;L\u00e4s mer&#8221; module_id=&#8221;telefon&#8221; _builder_version=&#8221;3.19.9&#8243; title_font_size=&#8221;18&#8243; custom_margin=&#8221;-10px|||&#8221; custom_margin_last_edited=&#8221;on|phone&#8221; border_style=&#8221;solid&#8221;]<\/p>\n<p><strong>About the Object<\/strong><br \/>A new pre-school, Boo G\u00e5rd\u2019s Pre-school (Lotsen), for 160 students in Nacka. The project was completed in 2016.<\/p>\n<p><strong>How have we assisted the project?<\/strong><br \/>Brandskyddslaget has participated in all aspects of the design of the pre-school. There are different design classes in the building which have required analytical investigation. We have also participated in the final stages of the project, including inspection of any measures taken and development of overarching documentation.<\/p>\n<p><strong>Client:<\/strong> Skanska and Nacka kommun<\/p>\n<hr \/>\n<h5>Contact<\/h5>\n<p><strong>John Hultquist<\/strong><br \/><a href=\"tel:+46858818872\">+46 (0)8 588 188 72<\/a><br \/><a href=\"&#109;&#97;&#x69;l&#116;&#x6f;&#x3a;j&#111;&#x68;&#x6e;&#46;&#104;&#x75;&#x6c;t&#113;&#x75;&#x69;s&#116;&#x40;&#x62;r&#97;&#x6e;d&#115;&#107;&#x79;d&#100;&#x73;&#x6c;a&#103;&#x65;&#x74;&#46;&#115;&#x65;\">Send email<\/a><\/p>\n<p>[\/et_pb_toggle][\/et_pb_column][et_pb_column type=&#8221;1_3&#8243; _builder_version=&#8221;3.0.47&#8243; parallax=&#8221;off&#8221; parallax_method=&#8221;on&#8221; background_position=&#8221;top_left&#8221; background_repeat=&#8221;no-repeat&#8221;][et_pb_image src=&#8221;https:\/\/brandskyddslaget.se\/wp-content\/uploads\/2017\/10\/allebergsgymnasiet-falkoping.jpg&#8221; alt=&#8221;Nya \u00c5llebergsgymnasiet, Falk\u00f6ping&#8221; align=&#8221;center&#8221; admin_label=&#8221;Nya \u00c5llebergsgymnasiet, Falk\u00f6ping&#8221; module_id=&#8221;alleberg-highschool&#8221; _builder_version=&#8221;3.9&#8243; border_style=&#8221;solid&#8221; animation=&#8221;off&#8221; sticky=&#8221;off&#8221; saved_tabs=&#8221;all&#8221;][\/et_pb_image][et_pb_text admin_label=&#8221;Rubrik&#8221; _builder_version=&#8221;3.9&#8243; background_color=&#8221;#ececec&#8221; custom_margin=&#8221;-17px||-5px|&#8221; custom_margin_tablet=&#8221;-30px||-5px|&#8221; custom_margin_last_edited=&#8221;on|desktop&#8221; custom_padding=&#8221;15px|20px||20px&#8221; border_style=&#8221;solid&#8221; saved_tabs=&#8221;all&#8221;]<\/p>\n<h6>\u00c5lleberg High School, Falk\u00f6ping<\/h6>\n<p>[\/et_pb_text][et_pb_toggle title=&#8221;Read More&#8221; open_toggle_text_color=&#8221;#333333&#8243; open_toggle_background_color=&#8221;#ececec&#8221; closed_toggle_text_color=&#8221;#333333&#8243; closed_toggle_background_color=&#8221;#ececec&#8221; icon_color=&#8221;#333333&#8243; admin_label=&#8221;L\u00e4s mer&#8221; module_id=&#8221;telefon&#8221; _builder_version=&#8221;3.19.9&#8243; title_font_size=&#8221;18&#8243; custom_margin=&#8221;-10px|||&#8221; custom_margin_last_edited=&#8221;on|phone&#8221; border_style=&#8221;solid&#8221;]<\/p>\n<p><strong>About the Object<\/strong><br \/>Construction of a new building including educational facilities, a library, congregational halls and administration space for a senior high school. The project also included the reconstruction of existing spaces for education, a sports hall (including new construction of change rooms) and administrative spaces.<\/p>\n<p><strong>How have we assisted the project?<\/strong><br \/>Brandskyddslaget participated in the detailed design and building phases, requirements for the request for proposals, building documentation including an analytical design with a simulation of fire development and design of the fire gas ventilation and evacuation.<\/p>\n<p>We developed the fire protection documentation and participated in the final stages including inspection and verification of the fire gas ventilation.<\/p>\n<p><strong>Client:<\/strong> Skanska, Region Hus V\u00e4st, Sk\u00f6vde in partnership with Falk\u00f6ping County Council<\/p>\n<p><em>Photo: Sweco<\/em><\/p>\n<hr \/>\n<h5>Contact<\/h5>\n<p><strong>Claes Malmqvist<\/strong><br \/><a href=\"tel:+46547707804\">+46 (0)54 770 78 04<\/a><br \/><a href=\"&#x6d;&#x61;&#x69;&#x6c;&#x74;&#x6f;&#x3a;&#x63;&#x6c;&#x61;&#x65;&#x73;&#x2e;&#x6d;&#97;&#108;&#109;&#113;&#118;&#105;&#115;&#116;&#64;&#98;&#114;andskydd&#x73;&#x6c;&#x61;&#x67;&#x65;&#x74;&#x2e;&#x73;&#x65;\">Send email<\/a><\/p>\n<p>[\/et_pb_toggle][\/et_pb_column][\/et_pb_row][\/et_pb_section]<\/p>\n","protected":false},"excerpt":{"rendered":"<p>Reference Projects \u2013 Schools and Pre-schools We have extensive experience of fire safety and risk assessment of schools and pre-schools. Below you can read about a selection of our projects. For more information don\u2019t hesitate to contact us!Gl\u00f6msta School, Huddinge About the ObjectA new building for a school in Huddinge with 720 students in 4 [&hellip;]<\/p>\n","protected":false},"author":1,"featured_media":0,"parent":3347,"menu_order":0,"comment_status":"closed","ping_status":"closed","template":"","meta":{"_et_pb_use_builder":"on","_et_pb_old_content":"","_et_gb_content_width":"","footnotes":""},"class_list":["post-3385","page","type-page","status-publish","hentry"],"aioseo_notices":[],"_links":{"self":[{"href":"https:\/\/brandskyddslaget.se\/en\/wp-json\/wp\/v2\/pages\/3385","targetHints":{"allow":["GET"]}}],"collection":[{"href":"https:\/\/brandskyddslaget.se\/en\/wp-json\/wp\/v2\/pages"}],"about":[{"href":"https:\/\/brandskyddslaget.se\/en\/wp-json\/wp\/v2\/types\/page"}],"author":[{"embeddable":true,"href":"https:\/\/brandskyddslaget.se\/en\/wp-json\/wp\/v2\/users\/1"}],"replies":[{"embeddable":true,"href":"https:\/\/brandskyddslaget.se\/en\/wp-json\/wp\/v2\/comments?post=3385"}],"version-history":[{"count":5,"href":"https:\/\/brandskyddslaget.se\/en\/wp-json\/wp\/v2\/pages\/3385\/revisions"}],"predecessor-version":[{"id":3760,"href":"https:\/\/brandskyddslaget.se\/en\/wp-json\/wp\/v2\/pages\/3385\/revisions\/3760"}],"up":[{"embeddable":true,"href":"https:\/\/brandskyddslaget.se\/en\/wp-json\/wp\/v2\/pages\/3347"}],"wp:attachment":[{"href":"https:\/\/brandskyddslaget.se\/en\/wp-json\/wp\/v2\/media?parent=3385"}],"curies":[{"name":"wp","href":"https:\/\/api.w.org\/{rel}","templated":true}]}}