{"id":4649,"date":"2020-01-17T14:33:40","date_gmt":"2020-01-17T13:33:40","guid":{"rendered":"https:\/\/brandskyddslaget.se\/?page_id=4649"},"modified":"2025-05-06T15:40:39","modified_gmt":"2025-05-06T13:40:39","slug":"scientific-publications","status":"publish","type":"page","link":"https:\/\/brandskyddslaget.se\/en\/research-development\/scientific-publications\/","title":{"rendered":"Scientific Publications"},"content":{"rendered":"<p>Scientific publications including research degrees since 2017, staff of Brandskyddslaget in bold text. In addition to these publications we present our research results in a number of conference articles presented at international conferences.<\/p>\n<p>&nbsp;<\/p>\n<p><strong>2024<\/strong><\/p>\n<p>Frantzich H., Fridolf K., Liljestrand S., Henningsson A. &amp; <strong>Lundin J<\/strong>. <em>\u201dLocating people in tunnels using Wi-Fi technology\u201d<\/em>, Fire Safety Journal 2024.<a href=\"https:\/\/www.sciencedirect.com\/science\/article\/pii\/S0379711224000912\"> https:\/\/www.sciencedirect.com\/science\/article\/pii\/S0379711224000912<\/a><\/p>\n<p>&nbsp;<\/p>\n<p><strong>2022 <\/strong><\/p>\n<p><strong>Celander E<\/strong> &amp; Artur Storm.<em> \u201dField evacuation experiment in a long inclined tunnel\u201d.<\/em> Fire Safety Journal 2022. <a href=\"https:\/\/www.sciencedirect.com\/science\/article\/pii\/S0379711222001187\" target=\"_blank\" rel=\"noopener\">https:\/\/www.sciencedirect.com\/science\/article\/pii\/S0379711222001187<\/a><\/p>\n<p>&nbsp;<\/p>\n<p><strong>2021<\/strong><\/p>\n<p>Mohaine S., Bostr\u00f6m L., Lion M, McNamee R. &amp; Robert F. <em>&#8220;Cross-comparison of screening tests for fire spalling of concrete&#8221;\u00a0<\/em>Published as early view, Fire and Materials,\u00a02021;1\u201314. DOI:\u00a0 <a href=\"https:\/\/doi.org\/10.1002\/fam.2946\">https:\/\/doi.org\/10.1002\/fam.2946<\/a><\/p>\n<p>&nbsp;<\/p>\n<p><strong>2020<\/strong><\/p>\n<p>Mindeguia J-C., Mohaine S, Bisby L., Robert F., McNamee R. and Bartlett A. <em>&#8220;Thermo-mechanical behaviour of cross-laminated timber slabs under standard and natural fires&#8221;<\/em> Published as early view in Fire and Materials, 2020;1\u201319. <a href=\"https:\/\/doi.org\/10.1002\/fam.2938\" target=\"_blank\" rel=\"noopener noreferrer\">https:\/\/doi.org\/10.1002\/fam.2938<\/a><\/p>\n<p><strong>Mossberg A<\/strong>., Nilsson D. &amp; <strong>Andr\u00e9e K<\/strong>. <em>&#8220;Unannounced Evacuation Experiment in a High-Rise Hotel Building with Evacuation Elevators: A Study of Evacuation Behaviour Using Eye-Tracking&#8221;<\/em> Published online, Fire Technology, 2020, <a href=\"https:\/\/doi.org\/10.1007\/s10694-020-01046-1\" target=\"_blank\" rel=\"noopener noreferrer\">https:\/\/doi.org\/10.1007\/s10694-020-01046-1<\/a><\/p>\n<p>McNamee R., Zehfuss J., Bartlett A., Heidari M., Robert F. &amp; Bisby L.<em> \u201dEnclosure fire dynamics with a cross-laminated timber ceiling\u201d<\/em> Published as early view, Fire and Materials. 2020;1\u201311., <a href=\"https:\/\/doi.org\/10.1002\/fam.2904\" target=\"_blank\" rel=\"noopener noreferrer\">https:\/\/doi.org\/10.1002\/fam.2904<\/a><\/p>\n<p>Huang C., Lipatnikov A. N., <strong>Nessvi K<\/strong>. <em>\u201dUnsteady 3-D RANS simulations of dust explosion in a fan stirred explosion vessel using an open source code\u201d<\/em>, Journal of Loss Prevention in the Process Industries 67, 2020 <a href=\"https:\/\/doi.org\/10.1016\/j.jlp.2020.104237\" target=\"_blank\" rel=\"noopener noreferrer\">https:\/\/doi.org\/10.1016\/j.jlp.2020.104237<\/a><\/p>\n<p><strong>Mossberg A.<\/strong>, Nilsson D. &amp; Wahlqvist J.<em> \u201dEvacuation elevators in an underground metro station: A Virtual Reality evacuation experiment\u201d<\/em>, Fire Safety Journal, First online: May 7, 2020 <a href=\"https:\/\/doi.org\/10.1016\/j.firesaf.2020.103091\" target=\"_blank\" rel=\"noopener noreferrer\">https:\/\/doi.org\/10.1016\/j.firesaf.2020.103091<\/a><\/p>\n<p>Johansson N., Anderson J., McNamee R., &amp; Pelo C.<em> \u201cA Round Robin of fire modelling for performance\u2010based design\u201d<\/em> Fire and Materials. 2020;1\u201314<a href=\"https:\/\/doi.org\/10.1002\/fam.2891\" target=\"_blank\" rel=\"noopener noreferrer\"> https:\/\/doi.org\/10.1002\/fam.2891<\/a><\/p>\n<p>Wiesner F., Bartlett A., Mohaine S., Robert F., McNamee R., Mindeguia J-C. &amp; Bisby L. <em>\u201dStructural Capacity of One-Way Spanning Large-Scale Cross-Laminated Timber Slabs in Standard and Natural Fires\u201d<\/em>, Fire Technology 2020, <a href=\"https:\/\/doi.org\/10.1007\/s10694-020-01003-y\" target=\"_blank\" rel=\"noopener noreferrer\">https:\/\/doi.org\/10.1007\/s10694-020-01003-y<\/a><\/p>\n<p>Hammarberg, J., Niva, H. &amp; <strong>Mossberg A<\/strong>, Incorporation of elevator evacuation from a specific floor \u2013 A numerical study of an office building. In: Proceedings of Pedestrian and Evacuation Dynamics 2018, Collective Dynamics, 431-438, 2020,(Published in Collective Dynamics) <a href=\"http:\/\/dx.doi.org\/10.17815\/CD.2020.79\" target=\"_blank\" rel=\"noopener noreferrer\">http:\/\/dx.doi.org\/10.17815\/CD.2020.79<\/a><\/p>\n<p>Amon F., Gehandler J., McNamee R., McNamee M. &amp; Vilic A. <em>\u201cFire Impact Tool- Measuring the impact of fire suppression operations on the environment\u201d<\/em>, Fire Safety Journal (2020), doi: <a href=\"https:\/\/doi.org\/10.1016\/j.firesaf.2020.103071\" target=\"_blank\" rel=\"noopener noreferrer\">https:\/\/doi.org\/10.1016\/j.firesaf.2020.103071<\/a><\/p>\n<p><strong>Sandstr\u00f6m J.<\/strong> <em>\u201cLife Safety in single story steel frame building, Part I \u2013Deterministic design\u201d<\/em>, Journal of Structural Fire Engineering, Volume 10 issue 4 <a href=\"https:\/\/doi.org\/10.1108\/JSFE-01-2019-0013\" target=\"_blank\" rel=\"noopener noreferrer\">https:\/\/doi.org\/10.1108\/JSFE-01-2019-0013<\/a><\/p>\n<p><strong>Sandstr\u00f6m J.<\/strong><em> \u201cLife Safety in single story steel frame building, Part II \u2013 Probabilistic design\u201d<\/em>, Journal of Structural Fire Engineering, <a href=\"https:\/\/doi.org\/10.1108\/JSFE-04-2019-0021\" target=\"_blank\" rel=\"noopener noreferrer\">https:\/\/doi.org\/10.1108\/JSFE-04-2019-0021<\/a><\/p>\n<p><strong>Mossberg A., <\/strong>McNamee R.<strong> Nyman H. &amp; Olander M<\/strong>.<em> \u201dA review of the Swedish fire safety regulation: From the industry\u2019s perspective\u201d<\/em> , Fire and Materials, First online: March 5, 2020 <a href=\"https:\/\/doi.org\/10.1002\/fam.2818\" target=\"_blank\" rel=\"noopener noreferrer\">https:\/\/doi.org\/10.1002\/fam.2818<\/a><\/p>\n<p>Bartlett A., McNamee R., Robert F. &amp; Bisby L. \u201cComparative Energy Analysis of Fire Resistance Tests on Combustible Versus Non- Combustible Slabs\u201d, Fire and Materials. 2020;44:301 \u2013310 <a href=\"https:\/\/doi.org\/10.1002\/fam.2760\" target=\"_blank\" rel=\"noopener noreferrer\">https:\/\/doi.org\/10.1002\/fam.2760<\/a><\/p>\n<p>&nbsp;<\/p>\n<p><strong>2019<\/strong><\/p>\n<p><strong>Forssberg M.,<\/strong> Kjellstr\u00f6m J., Frantzich H., <strong>Mossberg<\/strong> <strong>A<\/strong>. &amp; Nilsson D. <em>\u201dThe Variation of Pre-movement Time in Building Evacuation\u201d<\/em>, Fire Technology, First Online: 12 July 2019,<a href=\"https:\/\/doi.org\/10.1007\/s10694-019-00881-1\"> https:\/\/doi.org\/10.1007\/s10694-019-00881-1<\/a><\/p>\n<p><strong>Sandstr\u00f6m J<\/strong>.<em> \u201cLife Safety in single story steel frame building, Part I \u2013Deterministic design\u201d<\/em>, Journal of Structural Fire Engineering, Volume 10 issue 4, <a href=\"https:\/\/doi.org\/10.1108\/JSFE-01-2019-0013\">https:\/\/doi.org\/10.1108\/JSFE-01-2019-0013<\/a><\/p>\n<p><strong>Sandstr\u00f6m J.<\/strong><em> \u201cThe life safety objective in structural fire safety design\u201d,<\/em> PhD thesis, Department of Civil, Environmental and Natural Resources Engineering. Structural and Fire Engineering,<span class=\"st\"> Lule\u00e5 University of Technology<\/span>. Link to thesis:<a href=\"http:\/\/ltu.diva-portal.org\/smash\/record.jsf?pid=diva2:1305098\"> http:\/\/ltu.diva-portal.org\/smash\/record.jsf?pid=diva2:1305098<\/a><\/p>\n<p>&nbsp;<\/p>\n<p><strong>2018<\/strong><\/p>\n<p><strong>Kristin Andr\u00e9e.<\/strong> <em>\u201dUtrymningshissar och utrymningsplatser utifr\u00e5n de utrymmandes perspektiv\u201d,<\/em> Licentiate thesis (in Swedish), Fire Engineering, <span class=\"st\"> Lule\u00e5 University of Technology<\/span>, Lund University.<\/p>\n<p><strong>Nilsson M.<\/strong>, Husted B., <strong>Mossberg A<\/strong>., Anderson J. and Jansson McNamee R.<em> \u201cA numerical comparison of protective measures against external fire spread\u201d,<\/em> Fire and Materials, Volume 42, Issue 5, Special issue on Fa\u00e7ade Fire Safety, pp 493-507, August-September, 2018, <a href=\"https:\/\/doi.org\/10.1002\/fam.2527\">https:\/\/doi.org\/10.1002\/fam.2527<\/a><\/p>\n<p>Anderson J., Bostr\u00f6m L., Jansson McNamee R. and Milovanovi\u0107 B.<em> \u201cExperimental comparisons in fa\u00e7ade fire testing considering SP Fire 105 and the BS 8414\u20101\u201d,<\/em> Fire and Materials, Volume 42, Issue 5, Special issue on Fa\u00e7ade Fire Safety, pp 484-492, August-September, 2018, <a href=\"https:\/\/doi.org\/10.1002\/fam.2517\">https:\/\/doi.org\/10.1002\/fam.2517<\/a><\/p>\n<p>Anderson J., Bostr\u00f6m L., Jansson McNamee R. and Milovanovi\u0107 B <em>\u201dModeling of fire exposure in facade fire testing\u201d,<\/em> Fire and Materials, Volume 42, Issue 5, Special issue on Fa\u00e7ade Fire Safety, pp 475-483, August-September, 2018,<br \/>\n<a href=\"https:\/\/doi.org\/10.1002\/fam.2485\">https:\/\/doi.org\/10.1002\/fam.2485<\/a><\/p>\n<p>&nbsp;<\/p>\n<p><strong>2017<\/strong><\/p>\n<p>Mohammadi Mohaghegh, A., Silfwerbrand J., \u00c5rskog V. and Jansson McNamee R.<em> \u201dFire Spalling of High-Performance Basalt Fibre Concrete\u201d,<\/em> Nordic Concrete Research, ISSN 0800-6377, Vol. 57, nr 2, s. 89-102,<a href=\"http:\/\/www.diva-portal.org\/smash\/record.jsf?pid=diva2:1175721\"> http:\/\/www.diva-portal.org\/smash\/record.jsf?pid=diva2:1175721<\/a><\/p>\n<p>Pimienta P., Alonso M-C., Jansson McNamee R. and Mindeguia J-C,<em> \u201cBehaviour of high\u2010performance concrete at high temperatures: some highlights<\/em>\u201d, RILEM Technical Letters (2017) 2: 45\u201052, <a href=\"https:\/\/doi.org\/10.21809\/rilemtechlett.2017.53\">https:\/\/doi.org\/10.21809\/rilemtechlett.2017.53<\/a><\/p>\n<p>Sj\u00f6str\u00f6m J, Lange D, Jansson McNamee R. and Bostr\u00f6m L. <em>\u201dAnisotropic Curvature and Damage of Unbonded Post-tensioned Concrete Slabs During Fire Testing\u201d,<\/em> Fire Technology, May 2017, Volume 53, Issue 3, pp 1333\u20131351 <a href=\"https:\/\/doi.org\/10.1007\/s10694-016-0637-8\">https:\/\/doi.org\/10.1007\/s10694-016-0637-8<\/a><\/p>\n<p>&nbsp;<\/p>\n<p>&nbsp;<\/p>\n","protected":false},"excerpt":{"rendered":"<p>Scientific publications including research degrees since 2017, staff of Brandskyddslaget in bold text. In addition to these publications we present our research results in a number of conference articles presented at international conferences. &nbsp; 2024 Frantzich H., Fridolf K., Liljestrand S., Henningsson A. &amp; Lundin J. \u201dLocating people in tunnels using Wi-Fi technology\u201d, Fire Safety [&hellip;]<\/p>\n","protected":false},"author":43,"featured_media":0,"parent":3310,"menu_order":0,"comment_status":"closed","ping_status":"closed","template":"","meta":{"_et_pb_use_builder":"","_et_pb_old_content":"","_et_gb_content_width":"","footnotes":""},"class_list":["post-4649","page","type-page","status-publish","hentry"],"aioseo_notices":[],"_links":{"self":[{"href":"https:\/\/brandskyddslaget.se\/en\/wp-json\/wp\/v2\/pages\/4649","targetHints":{"allow":["GET"]}}],"collection":[{"href":"https:\/\/brandskyddslaget.se\/en\/wp-json\/wp\/v2\/pages"}],"about":[{"href":"https:\/\/brandskyddslaget.se\/en\/wp-json\/wp\/v2\/types\/page"}],"author":[{"embeddable":true,"href":"https:\/\/brandskyddslaget.se\/en\/wp-json\/wp\/v2\/users\/43"}],"replies":[{"embeddable":true,"href":"https:\/\/brandskyddslaget.se\/en\/wp-json\/wp\/v2\/comments?post=4649"}],"version-history":[{"count":20,"href":"https:\/\/brandskyddslaget.se\/en\/wp-json\/wp\/v2\/pages\/4649\/revisions"}],"predecessor-version":[{"id":13922,"href":"https:\/\/brandskyddslaget.se\/en\/wp-json\/wp\/v2\/pages\/4649\/revisions\/13922"}],"up":[{"embeddable":true,"href":"https:\/\/brandskyddslaget.se\/en\/wp-json\/wp\/v2\/pages\/3310"}],"wp:attachment":[{"href":"https:\/\/brandskyddslaget.se\/en\/wp-json\/wp\/v2\/media?parent=4649"}],"curies":[{"name":"wp","href":"https:\/\/api.w.org\/{rel}","templated":true}]}}